{"id":6873,"date":"2019-12-05T16:55:47","date_gmt":"2019-12-05T15:55:47","guid":{"rendered":"https:\/\/www.bandi.pl\/blog\/?page_id=6873"},"modified":"2020-12-10T13:27:57","modified_gmt":"2020-12-10T12:27:57","slug":"emilia-sadlakowska","status":"publish","type":"page","link":"https:\/\/www.bandi.pl\/blog\/autorzy\/emilia-sadlakowska\/","title":{"rendered":"Emilia Wilczy\u0144ska"},"content":{"rendered":"\n[et_pb_section fb_built=&#8221;1&#8243; _builder_version=&#8221;4.0.5&#8243; custom_margin=&#8221;50px||||false|false&#8221;][et_pb_row _builder_version=&#8221;3.25&#8243;][et_pb_column type=&#8221;4_4&#8243; _builder_version=&#8221;3.25&#8243; custom_padding=&#8221;|||&#8221; custom_padding__hover=&#8221;|||&#8221;][et_pb_text _builder_version=&#8221;4.0.7&#8243; header_font=&#8221;|800|||||||&#8221; header_text_color=&#8221;rgba(255,166,168,0.75)&#8221; header_font_size=&#8221;42px&#8221;]<h1>Bea Beauty<\/h1>[\/et_pb_text][\/et_pb_column][\/et_pb_row][et_pb_row _builder_version=&#8221;4.4.1&#8243; background_color=&#8221;rgba(255,166,168,0.5)&#8221; custom_padding=&#8221;30px|30px|30px|30px|false|false&#8221; global_module=&#8221;6878&#8243; saved_tabs=&#8221;all&#8221;][et_pb_column type=&#8221;4_4&#8243; _builder_version=&#8221;4.4.1&#8243;][et_pb_team_member name=&#8221;Emilia Wilczy\u0144ska&#8221; position=&#8221;Technolog&#8221; image_url=&#8221;https:\/\/www.bandi.pl\/blog\/wp-content\/uploads\/2019\/12\/emilia-sadlakowska.jpg&#8221; _builder_version=&#8221;4.4.1&#8243; _dynamic_attributes=&#8221;link_option_url&#8221; header_level=&#8221;h3&#8243; header_font=&#8221;|600|||||||&#8221; header_text_color=&#8221;#333333&#8243; header_font_size=&#8221;24px&#8221; body_text_align=&#8221;justify&#8221; body_text_color=&#8221;#333333&#8243; body_line_height=&#8221;1.25em&#8221; position_font=&#8221;||on||||||&#8221; position_text_color=&#8221;#333333&#8243; position_line_height=&#8221;1.25em&#8221; body_link_font=&#8221;|700|||||||&#8221; body_link_text_color=&#8221;#333333&#8243; link_option_url=&#8221;@ET-DC@eyJkeW5hbWljIjp0cnVlLCJjb250ZW50IjoicG9zdF9saW5rX3VybF9wYWdlIiwic2V0dGluZ3MiOnsicG9zdF9pZCI6IjY4NzMifX0=@&#8221; hover_enabled=&#8221;0&#8243; body_text_align_tablet=&#8221;&#8221; body_text_align_phone=&#8221;left&#8221; body_text_align_last_edited=&#8221;on|phone&#8221; custom_css_member_image=&#8221;height: 200px;||width: 200px;&#8221; custom_css_member_position=&#8221;margin-bottom: 20px;&#8221; border_radii_image=&#8221;on|200px|200px|200px|200px&#8221; border_width_all_image=&#8221;3px&#8221; border_color_all_image=&#8221;#ffffff&#8221; box_shadow_style_image=&#8221;preset1&#8243; box_shadow_color_image=&#8221;#ffffff&#8221;]<p style=\"font-family: 'Times New Roman'; font-size: medium;\">Z wykszta\u0142cenia jestem magistrem chemii kosmetycznej specjalizuj\u0105cym si\u0119 w kosmetykach piel\u0119gnacyjnych.<\/p>\n<p style=\"font-family: 'Times New Roman'; font-size: medium;\">Kosmetyki od zawsze by\u0142y w kr\u0119gu moich zainteresowa\u0144, dzi\u0119ki pracy w BANDI mog\u0119 pogodzi\u0107 prac\u0119 ze spe\u0142nianiem swojej pasji! W BANDI zajmuj\u0119 si\u0119 g\u0142\u00f3wnie tworzeniem nowych kosmetyk\u00f3w oraz przenoszeniem skali laboratoryjnej produkcji na skal\u0119 przemys\u0142ow\u0105. W mojej pracy najbardziej lubi\u0119 r\u00f3\u017cnorodno\u015b\u0107 zada\u0144 oraz wyzwania z jakimi spotykam si\u0119 na co dzie\u0144.<\/p>\n<p style=\"font-family: 'Times New Roman'; font-size: medium;\">W wolnych chwilach lubi\u0119 aktywnie sp\u0119dza\u0107 czas na zaj\u0119ciach zumby oraz spe\u0142nia\u0107 si\u0119 tw\u00f3rczo w DIY.<\/p>[\/et_pb_team_member][\/et_pb_column][\/et_pb_row][et_pb_row _builder_version=&#8221;4.0.6&#8243; custom_margin=&#8221;50px||||false|false&#8221;][et_pb_column type=&#8221;4_4&#8243; _builder_version=&#8221;3.25&#8243; custom_padding=&#8221;|||&#8221; custom_padding__hover=&#8221;|||&#8221;][et_pb_blog fullwidth=&#8221;off&#8221; posts_number=&#8221;9&#8243; include_categories=&#8221;2908&#8243; meta_date=&#8221;Y-m-d&#8221; use_manual_excerpt=&#8221;off&#8221; excerpt_length=&#8221;150&#8243; show_author=&#8221;off&#8221; show_categories=&#8221;off&#8221; use_overlay=&#8221;on&#8221; overlay_icon_color=&#8221;rgba(255,166,168,0)&#8221; hover_overlay_color=&#8221;rgba(255,166,168,0.5)&#8221; hover_icon=&#8221;%%32%%&#8221; module_class=&#8221;homepage&#8221; _builder_version=&#8221;4.0.7&#8243; header_font=&#8221;Bree Serif||||||||&#8221; header_text_color=&#8221;#333333&#8243; header_font_size=&#8221;22px&#8221; header_line_height=&#8221;26px&#8221; body_font=&#8221;Raleway||||||||&#8221; body_text_align=&#8221;center&#8221; body_text_color=&#8221;#666666&#8243; body_font_size=&#8221;15px&#8221; body_line_height=&#8221;26px&#8221; meta_font=&#8221;Raleway||||||||&#8221; meta_text_color=&#8221;#666666&#8243; meta_font_size=&#8221;15px&#8221; read_more_font=&#8221;Lato|700|||||||&#8221; read_more_text_color=&#8221;#ffffff&#8221; read_more_font_size=&#8221;12px&#8221; pagination_font=&#8221;||||||||&#8221; text_orientation=&#8221;center&#8221; height=&#8221;600px&#8221; height_tablet=&#8221;&#8221; height_phone=&#8221;&#8221; height_last_edited=&#8221;on|desktop&#8221; custom_css_title=&#8221;font-weight: 500 !important;&#8221;][\/et_pb_blog][\/et_pb_column][\/et_pb_row][\/et_pb_section][et_pb_section fb_built=&#8221;1&#8243; _builder_version=&#8221;4.0.6&#8243; border_width_top=&#8221;1px&#8221; border_color_top=&#8221;rgba(255,166,168,0.75)&#8221; border_style_top=&#8221;dotted&#8221; global_module=&#8221;5577&#8243; saved_tabs=&#8221;all&#8221;][et_pb_row _builder_version=&#8221;4.0.6&#8243; custom_margin=&#8221;50px||||false|false&#8221;][et_pb_column type=&#8221;4_4&#8243; _builder_version=&#8221;4.0.6&#8243;][et_pb_text _builder_version=&#8221;4.0.6&#8243;]<h2>Autorzy Bandi<\/h2>[\/et_pb_text][\/et_pb_column][\/et_pb_row][et_pb_row column_structure=&#8221;1_6,1_6,1_6,1_6,1_6,1_6&#8243; make_equal=&#8221;on&#8221; _builder_version=&#8221;4.0.6&#8243;][et_pb_column type=&#8221;1_6&#8243; _builder_version=&#8221;4.0.6&#8243; background_color=&#8221;rgba(255,166,168,0.75)&#8221; custom_padding=&#8221;10px|10px|10px|10px|false|false&#8221;][et_pb_team_member name=&#8221;Coco Collection&#8221; image_url=&#8221;https:\/\/www.bandi.pl\/blog\/wp-content\/uploads\/2019\/11\/coco-collection.jpg&#8221; _builder_version=&#8221;4.0.6&#8243; header_level=&#8221;h3&#8243; header_font=&#8221;|800|||||||&#8221; header_font_size=&#8221;14px&#8221; header_line_height=&#8221;1.15em&#8221; link_option_url=&#8221;https:\/\/www.bandi.pl\/blog\/autorzy\/coco-collection\/&#8221; border_radii_image=&#8221;on|150px|150px|150px|150px&#8221; border_width_all_image=&#8221;1px&#8221; border_color_all_image=&#8221;#ffffff&#8221; box_shadow_style_image=&#8221;preset1&#8243; box_shadow_color_image=&#8221;#ffffff&#8221;][\/et_pb_team_member][\/et_pb_column][et_pb_column type=&#8221;1_6&#8243; _builder_version=&#8221;4.0.6&#8243; background_color=&#8221;rgba(255,166,168,0.75)&#8221; custom_padding=&#8221;10px|10px|10px|10px|false|false&#8221;][et_pb_team_member name=&#8221;Magdalena Ciupi\u0144ska&#8221; image_url=&#8221;https:\/\/www.bandi.pl\/blog\/wp-content\/uploads\/2019\/11\/magdalena-ciupinska.jpg&#8221; _builder_version=&#8221;4.0.6&#8243; header_level=&#8221;h3&#8243; header_font=&#8221;|800|||||||&#8221; header_font_size=&#8221;14px&#8221; header_line_height=&#8221;1.15em&#8221; link_option_url=&#8221;https:\/\/www.bandi.pl\/blog\/autorzy\/magdalena-ciupinska\/&#8221; border_radii_image=&#8221;on|150px|150px|150px|150px&#8221; border_width_all_image=&#8221;1px&#8221; border_color_all_image=&#8221;#ffffff&#8221; box_shadow_style_image=&#8221;preset1&#8243; box_shadow_color_image=&#8221;#ffffff&#8221;][\/et_pb_team_member][\/et_pb_column][et_pb_column type=&#8221;1_6&#8243; _builder_version=&#8221;4.0.6&#8243; background_color=&#8221;rgba(255,166,168,0.75)&#8221; custom_padding=&#8221;10px|10px|10px|10px|false|false&#8221;][et_pb_team_member name=&#8221;Magdalena Dzienisik&#8221; image_url=&#8221;https:\/\/www.bandi.pl\/blog\/wp-content\/uploads\/2019\/11\/magdalena-dzienisik.jpg&#8221; _builder_version=&#8221;4.0.6&#8243; header_level=&#8221;h3&#8243; header_font=&#8221;|800|||||||&#8221; header_font_size=&#8221;14px&#8221; header_line_height=&#8221;1.15em&#8221; link_option_url=&#8221;https:\/\/www.bandi.pl\/blog\/autorzy\/magdalena-dzienisik\/&#8221; border_radii_image=&#8221;on|150px|150px|150px|150px&#8221; border_width_all_image=&#8221;1px&#8221; border_color_all_image=&#8221;#ffffff&#8221; box_shadow_style_image=&#8221;preset1&#8243; box_shadow_color_image=&#8221;#ffffff&#8221;][\/et_pb_team_member][\/et_pb_column][et_pb_column type=&#8221;1_6&#8243; _builder_version=&#8221;4.0.6&#8243; background_color=&#8221;rgba(255,166,168,0.75)&#8221; custom_padding=&#8221;10px|10px|10px|10px|false|false&#8221;][et_pb_team_member name=&#8221;Barbara Kugiel-Rachwalska&#8221; image_url=&#8221;https:\/\/www.bandi.pl\/blog\/wp-content\/uploads\/2019\/11\/barbara-kugiel-rachwalska.jpg&#8221; _builder_version=&#8221;4.0.6&#8243; header_level=&#8221;h3&#8243; header_font=&#8221;|800|||||||&#8221; header_font_size=&#8221;14px&#8221; header_line_height=&#8221;1.15em&#8221; link_option_url=&#8221;https:\/\/www.bandi.pl\/blog\/autorzy\/barbara-kugiel\/&#8221; border_radii_image=&#8221;on|150px|150px|150px|150px&#8221; border_width_all_image=&#8221;1px&#8221; border_color_all_image=&#8221;#ffffff&#8221; box_shadow_style_image=&#8221;preset1&#8243; box_shadow_color_image=&#8221;#ffffff&#8221;][\/et_pb_team_member][\/et_pb_column][et_pb_column type=&#8221;1_6&#8243; _builder_version=&#8221;4.0.6&#8243; background_color=&#8221;rgba(255,166,168,0.75)&#8221; custom_padding=&#8221;10px|10px|10px|10px|false|false&#8221;][et_pb_team_member name=&#8221;Laura Ogrodowczyk&#8221; image_url=&#8221;https:\/\/www.bandi.pl\/blog\/wp-content\/uploads\/2019\/11\/laura-ogrodowczyk.jpg&#8221; _builder_version=&#8221;4.0.6&#8243; header_level=&#8221;h3&#8243; header_font=&#8221;|800|||||||&#8221; header_font_size=&#8221;14px&#8221; header_line_height=&#8221;1.15em&#8221; link_option_url=&#8221;https:\/\/www.bandi.pl\/blog\/autorzy\/laura-ogrodowczyk\/&#8221; border_radii_image=&#8221;on|150px|150px|150px|150px&#8221; border_width_all_image=&#8221;1px&#8221; border_color_all_image=&#8221;#ffffff&#8221; box_shadow_style_image=&#8221;preset1&#8243; box_shadow_color_image=&#8221;#ffffff&#8221;][\/et_pb_team_member][\/et_pb_column][et_pb_column type=&#8221;1_6&#8243; _builder_version=&#8221;4.0.6&#8243; background_color=&#8221;rgba(255,166,168,0.75)&#8221; custom_padding=&#8221;10px|10px|10px|10px|false|false&#8221;][et_pb_team_member name=&#8221;Kosmostolog&#8221; image_url=&#8221;https:\/\/www.bandi.pl\/blog\/wp-content\/uploads\/2019\/11\/kosmostolog.jpg&#8221; _builder_version=&#8221;4.0.6&#8243; header_level=&#8221;h3&#8243; header_font=&#8221;|800|||||||&#8221; header_font_size=&#8221;14px&#8221; header_line_height=&#8221;1.15em&#8221; link_option_url=&#8221;https:\/\/www.bandi.pl\/blog\/autorzy\/kosmostolog\/&#8221; border_radii_image=&#8221;on|150px|150px|150px|150px&#8221; border_width_all_image=&#8221;1px&#8221; border_color_all_image=&#8221;#ffffff&#8221; box_shadow_style_image=&#8221;preset1&#8243; box_shadow_color_image=&#8221;#ffffff&#8221;][\/et_pb_team_member][\/et_pb_column][\/et_pb_row][\/et_pb_section][et_pb_section fb_built=&#8221;1&#8243; _builder_version=&#8221;4.0.11&#8243; background_image=&#8221;https:\/\/www.bandi.pl\/blog\/wp-content\/uploads\/2019\/11\/licznik.png&#8221; height=&#8221;400px&#8221; height_tablet=&#8221;&#8221; height_phone=&#8221;&#8221; height_last_edited=&#8221;on|desktop&#8221; global_module=&#8221;5138&#8243;][et_pb_row _builder_version=&#8221;4.0.3&#8243;][et_pb_column type=&#8221;4_4&#8243; _builder_version=&#8221;4.0.3&#8243;][et_pb_text _builder_version=&#8221;4.0.3&#8243; header_font=&#8221;Lato|900|||||||&#8221; header_text_color=&#8221;#e09900&#8243; header_font_size=&#8221;42px&#8221;]<h2>InstaBandi<\/h2>[\/et_pb_text][et_pb_text _builder_version=&#8221;4.2.2&#8243;][\/et_pb_text][\/et_pb_column][\/et_pb_row][\/et_pb_section][et_pb_section fb_built=&#8221;1&#8243; _builder_version=&#8221;4.0.6&#8243; custom_margin=&#8221;50px||||false|false&#8221;][et_pb_row _builder_version=&#8221;4.0.11&#8243; custom_margin=&#8221;50px||||false|false&#8221; global_module=&#8221;5139&#8243;][et_pb_column type=&#8221;4_4&#8243; _builder_version=&#8221;4.0.3&#8243;][et_pb_text _builder_version=&#8221;4.0.6&#8243; header_font=&#8221;Lato|900|||||||&#8221; header_text_color=&#8221;#e09900&#8243; header_font_size=&#8221;42px&#8221;]<h2>Nowo\u015bci na Blogu Bandi<\/h2>[\/et_pb_text][et_pb_blog fullwidth=&#8221;off&#8221; posts_number=&#8221;3&#8243; include_categories=&#8221;1,1969,5,1972,1817,1771,1973,2018,1741&#8243; meta_date=&#8221;Y-m-d&#8221; use_manual_excerpt=&#8221;off&#8221; excerpt_length=&#8221;0&#8243; show_author=&#8221;off&#8221; show_categories=&#8221;off&#8221; show_excerpt=&#8221;off&#8221; use_overlay=&#8221;on&#8221; overlay_icon_color=&#8221;rgba(255,166,168,0.75)&#8221; hover_overlay_color=&#8221;rgba(51,51,51,0.5)&#8221; hover_icon=&#8221;%%32%%&#8221; module_class=&#8221;homepage box&#8221; _builder_version=&#8221;4.0.11&#8243; header_font=&#8221;Bree Serif||||||||&#8221; header_text_color=&#8221;#333333&#8243; header_font_size=&#8221;22px&#8221; header_line_height=&#8221;26px&#8221; body_font=&#8221;Raleway||||||||&#8221; body_text_align=&#8221;center&#8221; body_text_color=&#8221;#666666&#8243; body_font_size=&#8221;15px&#8221; body_line_height=&#8221;26px&#8221; meta_font=&#8221;Raleway||||||||&#8221; meta_text_color=&#8221;#666666&#8243; meta_font_size=&#8221;15px&#8221; read_more_font=&#8221;Raleway|700|||||||&#8221; read_more_text_color=&#8221;#ffffff&#8221; read_more_font_size=&#8221;12px&#8221; pagination_font=&#8221;||||||||&#8221; pagination_text_color=&#8221;rgba(255,166,168,0.75)&#8221; text_orientation=&#8221;center&#8221; height=&#8221;400px&#8221; height_tablet=&#8221;&#8221; height_phone=&#8221;&#8221; height_last_edited=&#8221;on|phone&#8221; custom_padding_phone=&#8221;||30px||false|false&#8221; custom_padding_last_edited=&#8221;off|desktop&#8221;][\/et_pb_blog][\/et_pb_column][\/et_pb_row][\/et_pb_section]\n","protected":false},"excerpt":{"rendered":"<p>Bea BeautyZ wykszta\u0142cenia jestem magistrem chemii kosmetycznej specjalizuj\u0105cym si\u0119 w kosmetykach piel\u0119gnacyjnych. Kosmetyki od zawsze by\u0142y w kr\u0119gu moich zainteresowa\u0144, dzi\u0119ki pracy w BANDI mog\u0119 pogodzi\u0107 prac\u0119 ze spe\u0142nianiem swojej pasji! W BANDI zajmuj\u0119 si\u0119 g\u0142\u00f3wnie tworzeniem nowych kosmetyk\u00f3w oraz przenoszeniem skali laboratoryjnej produkcji na skal\u0119 przemys\u0142ow\u0105. W mojej pracy najbardziej lubi\u0119 r\u00f3\u017cnorodno\u015b\u0107 zada\u0144 oraz [&hellip;]<\/p>\n","protected":false},"author":3,"featured_media":0,"parent":5547,"menu_order":0,"comment_status":"closed","ping_status":"closed","template":"","meta":{"_et_pb_use_builder":"on","_et_pb_old_content":"","_et_gb_content_width":"","footnotes":""},"class_list":["post-6873","page","type-page","status-publish","hentry"],"yoast_head":"<!-- This site is optimized with the Yoast SEO plugin v27.1.1 - https:\/\/yoast.com\/product\/yoast-seo-wordpress\/ -->\n<title>Emilia Wilczy\u0144ska &#187; Blog BANDI<\/title>\n<meta name=\"robots\" content=\"index, follow, max-snippet:-1, max-image-preview:large, max-video-preview:-1\" \/>\n<link rel=\"canonical\" href=\"https:\/\/www.bandi.pl\/blog\/autorzy\/emilia-sadlakowska\/\" \/>\n<meta property=\"og:locale\" content=\"pl_PL\" \/>\n<meta property=\"og:type\" content=\"article\" \/>\n<meta property=\"og:title\" content=\"Emilia Wilczy\u0144ska &#187; Blog BANDI\" \/>\n<meta property=\"og:description\" content=\"Bea BeautyZ wykszta\u0142cenia jestem magistrem chemii kosmetycznej specjalizuj\u0105cym si\u0119 w kosmetykach piel\u0119gnacyjnych. Kosmetyki od zawsze by\u0142y w kr\u0119gu moich zainteresowa\u0144, dzi\u0119ki pracy w BANDI mog\u0119 pogodzi\u0107 prac\u0119 ze spe\u0142nianiem swojej pasji! W BANDI zajmuj\u0119 si\u0119 g\u0142\u00f3wnie tworzeniem nowych kosmetyk\u00f3w oraz przenoszeniem skali laboratoryjnej produkcji na skal\u0119 przemys\u0142ow\u0105. W mojej pracy najbardziej lubi\u0119 r\u00f3\u017cnorodno\u015b\u0107 zada\u0144 oraz [&hellip;]\" \/>\n<meta property=\"og:url\" content=\"https:\/\/www.bandi.pl\/blog\/autorzy\/emilia-sadlakowska\/\" \/>\n<meta property=\"og:site_name\" content=\"Blog BANDI\" \/>\n<meta property=\"article:publisher\" content=\"https:\/\/web.facebook.com\/BANDIcosmetics\" \/>\n<meta property=\"article:modified_time\" content=\"2020-12-10T12:27:57+00:00\" \/>\n<meta property=\"og:image\" content=\"https:\/\/www.bandi.pl\/blog\/wp-content\/uploads\/2019\/06\/bandi-logo.png\" \/>\n\t<meta property=\"og:image:width\" content=\"264\" \/>\n\t<meta property=\"og:image:height\" content=\"111\" \/>\n\t<meta property=\"og:image:type\" content=\"image\/png\" \/>\n<meta name=\"twitter:card\" content=\"summary_large_image\" \/>\n<meta name=\"twitter:site\" content=\"@bandi_cosmetics\" \/>\n<meta name=\"twitter:label1\" content=\"Szacowany czas czytania\" \/>\n\t<meta name=\"twitter:data1\" content=\"7 minut\" \/>\n<script type=\"application\/ld+json\" class=\"yoast-schema-graph\">{\"@context\":\"https:\/\/schema.org\",\"@graph\":[{\"@type\":\"WebPage\",\"@id\":\"https:\/\/www.bandi.pl\/blog\/autorzy\/emilia-sadlakowska\/\",\"url\":\"https:\/\/www.bandi.pl\/blog\/autorzy\/emilia-sadlakowska\/\",\"name\":\"Emilia Wilczy\u0144ska &#187; Blog BANDI\",\"isPartOf\":{\"@id\":\"https:\/\/www.bandi.pl\/blog\/#website\"},\"datePublished\":\"2019-12-05T15:55:47+00:00\",\"dateModified\":\"2020-12-10T12:27:57+00:00\",\"breadcrumb\":{\"@id\":\"https:\/\/www.bandi.pl\/blog\/autorzy\/emilia-sadlakowska\/#breadcrumb\"},\"inLanguage\":\"pl-PL\",\"potentialAction\":[{\"@type\":\"ReadAction\",\"target\":[\"https:\/\/www.bandi.pl\/blog\/autorzy\/emilia-sadlakowska\/\"]}]},{\"@type\":\"BreadcrumbList\",\"@id\":\"https:\/\/www.bandi.pl\/blog\/autorzy\/emilia-sadlakowska\/#breadcrumb\",\"itemListElement\":[{\"@type\":\"ListItem\",\"position\":1,\"name\":\"BANDI\",\"item\":\"https:\/\/www.bandi.pl\/blog\/\"},{\"@type\":\"ListItem\",\"position\":2,\"name\":\"Autorzy\",\"item\":\"https:\/\/www.bandi.pl\/blog\/autorzy\/\"},{\"@type\":\"ListItem\",\"position\":3,\"name\":\"Emilia Wilczy\u0144ska\"}]},{\"@type\":\"WebSite\",\"@id\":\"https:\/\/www.bandi.pl\/blog\/#website\",\"url\":\"https:\/\/www.bandi.pl\/blog\/\",\"name\":\"Blog BANDI\",\"description\":\"Czarno na bia\u0142ym o kosmetykach\",\"publisher\":{\"@id\":\"https:\/\/www.bandi.pl\/blog\/#organization\"},\"potentialAction\":[{\"@type\":\"SearchAction\",\"target\":{\"@type\":\"EntryPoint\",\"urlTemplate\":\"https:\/\/www.bandi.pl\/blog\/?s={search_term_string}\"},\"query-input\":{\"@type\":\"PropertyValueSpecification\",\"valueRequired\":true,\"valueName\":\"search_term_string\"}}],\"inLanguage\":\"pl-PL\"},{\"@type\":\"Organization\",\"@id\":\"https:\/\/www.bandi.pl\/blog\/#organization\",\"name\":\"BANDI\",\"url\":\"https:\/\/www.bandi.pl\/blog\/\",\"logo\":{\"@type\":\"ImageObject\",\"inLanguage\":\"pl-PL\",\"@id\":\"https:\/\/www.bandi.pl\/blog\/#\/schema\/logo\/image\/\",\"url\":\"https:\/\/www.bandi.pl\/blog\/wp-content\/uploads\/2019\/06\/bandi-logo.png\",\"contentUrl\":\"https:\/\/www.bandi.pl\/blog\/wp-content\/uploads\/2019\/06\/bandi-logo.png\",\"width\":264,\"height\":111,\"caption\":\"BANDI\"},\"image\":{\"@id\":\"https:\/\/www.bandi.pl\/blog\/#\/schema\/logo\/image\/\"},\"sameAs\":[\"https:\/\/web.facebook.com\/BANDIcosmetics\",\"https:\/\/x.com\/bandi_cosmetics\",\"https:\/\/www.instagram.com\/bandi_cosmetics\/\",\"https:\/\/www.pinterest.com\/bandicosmetics\/\",\"https:\/\/www.youtube.com\/user\/BandiCosmeticsPolska\"]}]}<\/script>\n<!-- \/ Yoast SEO plugin. -->","yoast_head_json":{"title":"Emilia Wilczy\u0144ska &#187; Blog BANDI","robots":{"index":"index","follow":"follow","max-snippet":"max-snippet:-1","max-image-preview":"max-image-preview:large","max-video-preview":"max-video-preview:-1"},"canonical":"https:\/\/www.bandi.pl\/blog\/autorzy\/emilia-sadlakowska\/","og_locale":"pl_PL","og_type":"article","og_title":"Emilia Wilczy\u0144ska &#187; Blog BANDI","og_description":"Bea BeautyZ wykszta\u0142cenia jestem magistrem chemii kosmetycznej specjalizuj\u0105cym si\u0119 w kosmetykach piel\u0119gnacyjnych. Kosmetyki od zawsze by\u0142y w kr\u0119gu moich zainteresowa\u0144, dzi\u0119ki pracy w BANDI mog\u0119 pogodzi\u0107 prac\u0119 ze spe\u0142nianiem swojej pasji! W BANDI zajmuj\u0119 si\u0119 g\u0142\u00f3wnie tworzeniem nowych kosmetyk\u00f3w oraz przenoszeniem skali laboratoryjnej produkcji na skal\u0119 przemys\u0142ow\u0105. W mojej pracy najbardziej lubi\u0119 r\u00f3\u017cnorodno\u015b\u0107 zada\u0144 oraz [&hellip;]","og_url":"https:\/\/www.bandi.pl\/blog\/autorzy\/emilia-sadlakowska\/","og_site_name":"Blog BANDI","article_publisher":"https:\/\/web.facebook.com\/BANDIcosmetics","article_modified_time":"2020-12-10T12:27:57+00:00","og_image":[{"width":264,"height":111,"url":"https:\/\/www.bandi.pl\/blog\/wp-content\/uploads\/2019\/06\/bandi-logo.png","type":"image\/png"}],"twitter_card":"summary_large_image","twitter_site":"@bandi_cosmetics","twitter_misc":{"Szacowany czas czytania":"7 minut"},"schema":{"@context":"https:\/\/schema.org","@graph":[{"@type":"WebPage","@id":"https:\/\/www.bandi.pl\/blog\/autorzy\/emilia-sadlakowska\/","url":"https:\/\/www.bandi.pl\/blog\/autorzy\/emilia-sadlakowska\/","name":"Emilia Wilczy\u0144ska &#187; Blog BANDI","isPartOf":{"@id":"https:\/\/www.bandi.pl\/blog\/#website"},"datePublished":"2019-12-05T15:55:47+00:00","dateModified":"2020-12-10T12:27:57+00:00","breadcrumb":{"@id":"https:\/\/www.bandi.pl\/blog\/autorzy\/emilia-sadlakowska\/#breadcrumb"},"inLanguage":"pl-PL","potentialAction":[{"@type":"ReadAction","target":["https:\/\/www.bandi.pl\/blog\/autorzy\/emilia-sadlakowska\/"]}]},{"@type":"BreadcrumbList","@id":"https:\/\/www.bandi.pl\/blog\/autorzy\/emilia-sadlakowska\/#breadcrumb","itemListElement":[{"@type":"ListItem","position":1,"name":"BANDI","item":"https:\/\/www.bandi.pl\/blog\/"},{"@type":"ListItem","position":2,"name":"Autorzy","item":"https:\/\/www.bandi.pl\/blog\/autorzy\/"},{"@type":"ListItem","position":3,"name":"Emilia Wilczy\u0144ska"}]},{"@type":"WebSite","@id":"https:\/\/www.bandi.pl\/blog\/#website","url":"https:\/\/www.bandi.pl\/blog\/","name":"Blog BANDI","description":"Czarno na bia\u0142ym o kosmetykach","publisher":{"@id":"https:\/\/www.bandi.pl\/blog\/#organization"},"potentialAction":[{"@type":"SearchAction","target":{"@type":"EntryPoint","urlTemplate":"https:\/\/www.bandi.pl\/blog\/?s={search_term_string}"},"query-input":{"@type":"PropertyValueSpecification","valueRequired":true,"valueName":"search_term_string"}}],"inLanguage":"pl-PL"},{"@type":"Organization","@id":"https:\/\/www.bandi.pl\/blog\/#organization","name":"BANDI","url":"https:\/\/www.bandi.pl\/blog\/","logo":{"@type":"ImageObject","inLanguage":"pl-PL","@id":"https:\/\/www.bandi.pl\/blog\/#\/schema\/logo\/image\/","url":"https:\/\/www.bandi.pl\/blog\/wp-content\/uploads\/2019\/06\/bandi-logo.png","contentUrl":"https:\/\/www.bandi.pl\/blog\/wp-content\/uploads\/2019\/06\/bandi-logo.png","width":264,"height":111,"caption":"BANDI"},"image":{"@id":"https:\/\/www.bandi.pl\/blog\/#\/schema\/logo\/image\/"},"sameAs":["https:\/\/web.facebook.com\/BANDIcosmetics","https:\/\/x.com\/bandi_cosmetics","https:\/\/www.instagram.com\/bandi_cosmetics\/","https:\/\/www.pinterest.com\/bandicosmetics\/","https:\/\/www.youtube.com\/user\/BandiCosmeticsPolska"]}]}},"_links":{"self":[{"href":"https:\/\/www.bandi.pl\/blog\/wp-json\/wp\/v2\/pages\/6873","targetHints":{"allow":["GET"]}}],"collection":[{"href":"https:\/\/www.bandi.pl\/blog\/wp-json\/wp\/v2\/pages"}],"about":[{"href":"https:\/\/www.bandi.pl\/blog\/wp-json\/wp\/v2\/types\/page"}],"author":[{"embeddable":true,"href":"https:\/\/www.bandi.pl\/blog\/wp-json\/wp\/v2\/users\/3"}],"replies":[{"embeddable":true,"href":"https:\/\/www.bandi.pl\/blog\/wp-json\/wp\/v2\/comments?post=6873"}],"version-history":[{"count":8,"href":"https:\/\/www.bandi.pl\/blog\/wp-json\/wp\/v2\/pages\/6873\/revisions"}],"predecessor-version":[{"id":11139,"href":"https:\/\/www.bandi.pl\/blog\/wp-json\/wp\/v2\/pages\/6873\/revisions\/11139"}],"up":[{"embeddable":true,"href":"https:\/\/www.bandi.pl\/blog\/wp-json\/wp\/v2\/pages\/5547"}],"wp:attachment":[{"href":"https:\/\/www.bandi.pl\/blog\/wp-json\/wp\/v2\/media?parent=6873"}],"curies":[{"name":"wp","href":"https:\/\/api.w.org\/{rel}","templated":true}]}}