{"id":5168,"date":"2019-10-30T16:01:49","date_gmt":"2019-10-30T15:01:49","guid":{"rendered":"https:\/\/www.bandi.pl\/blog\/?page_id=5168"},"modified":"2019-11-18T19:29:03","modified_gmt":"2019-11-18T18:29:03","slug":"nagrody-i-nominacje","status":"publish","type":"page","link":"https:\/\/www.bandi.pl\/blog\/z-zycia-firmy\/nagrody-i-nominacje\/","title":{"rendered":"Nagrody i nominacje"},"content":{"rendered":"<p>[et_pb_section fb_built=&#8221;1&#8243; _builder_version=&#8221;4.0.5&#8243; custom_margin=&#8221;50px||||false|false&#8221;][et_pb_row _builder_version=&#8221;3.25&#8243;][et_pb_column type=&#8221;4_4&#8243; _builder_version=&#8221;3.25&#8243; custom_padding=&#8221;|||&#8221; custom_padding__hover=&#8221;|||&#8221;][et_pb_text _builder_version=&#8221;4.0.6&#8243; header_font=&#8221;Bree Serif|900|||||||&#8221; header_text_color=&#8221;rgba(255,166,168,0.75)&#8221; header_font_size=&#8221;42px&#8221;]<\/p>\n<h1>Nagrody i nominacje<\/h1>\n<p>[\/et_pb_text][\/et_pb_column][\/et_pb_row][et_pb_row _builder_version=&#8221;3.25&#8243;][et_pb_column type=&#8221;4_4&#8243; _builder_version=&#8221;3.25&#8243; custom_padding=&#8221;|||&#8221; custom_padding__hover=&#8221;|||&#8221;][et_pb_blog fullwidth=&#8221;off&#8221; posts_number=&#8221;18&#8243; include_categories=&#8221;1972&#8243; meta_date=&#8221;Y-m-d&#8221; show_thumbnail=&#8221;off&#8221; use_manual_excerpt=&#8221;off&#8221; excerpt_length=&#8221;150&#8243; show_author=&#8221;off&#8221; show_categories=&#8221;off&#8221; use_overlay=&#8221;on&#8221; overlay_icon_color=&#8221;rgba(255,166,168,0.75)&#8221; hover_overlay_color=&#8221;rgba(51,51,51,0.5)&#8221; hover_icon=&#8221;%%32%%&#8221; module_class=&#8221;homepage noimg&#8221; _builder_version=&#8221;4.0.3&#8243; header_font=&#8221;Bree Serif||||||||&#8221; header_text_color=&#8221;#333333&#8243; header_font_size=&#8221;22px&#8221; header_line_height=&#8221;26px&#8221; body_font=&#8221;Raleway||||||||&#8221; body_text_align=&#8221;center&#8221; body_text_color=&#8221;#666666&#8243; body_font_size=&#8221;15px&#8221; body_line_height=&#8221;26px&#8221; meta_font=&#8221;Raleway||||||||&#8221; meta_text_color=&#8221;#666666&#8243; meta_font_size=&#8221;15px&#8221; read_more_font=&#8221;Lato|700|||||||&#8221; read_more_text_color=&#8221;#ffffff&#8221; read_more_font_size=&#8221;12px&#8221; pagination_font=&#8221;||||||||&#8221; text_orientation=&#8221;center&#8221; height=&#8221;330px&#8221; height_tablet=&#8221;&#8221; height_phone=&#8221;&#8221; height_last_edited=&#8221;on|desktop&#8221; custom_css_title=&#8221;font-weight: 500 !important;&#8221;][\/et_pb_blog][\/et_pb_column][\/et_pb_row][\/et_pb_section][et_pb_section fb_built=&#8221;1&#8243; _builder_version=&#8221;4.0.3&#8243; background_image=&#8221;https:\/\/www.bandi.pl\/blog\/wp-content\/uploads\/2019\/10\/licznik.jpg&#8221; global_module=&#8221;5138&#8243;][et_pb_row _builder_version=&#8221;4.0.3&#8243;][et_pb_column type=&#8221;4_4&#8243; _builder_version=&#8221;4.0.3&#8243;][et_pb_text _builder_version=&#8221;4.0.3&#8243; header_font=&#8221;Lato|900|||||||&#8221; header_text_color=&#8221;#e09900&#8243; header_font_size=&#8221;42px&#8221;]<\/p>\n<h2>InstaBandi<\/h2>\n<p>[\/et_pb_text][et_pb_text _builder_version=&#8221;4.0.3&#8243;]<\/p>\n<p><span>[instagram-feed num=4 cols=4]<\/span><\/p>\n<p>[\/et_pb_text][\/et_pb_column][\/et_pb_row][\/et_pb_section][et_pb_section fb_built=&#8221;1&#8243; _builder_version=&#8221;4.0.3&#8243;][et_pb_row _builder_version=&#8221;4.0.3&#8243; global_module=&#8221;5139&#8243;][et_pb_column type=&#8221;4_4&#8243; _builder_version=&#8221;4.0.3&#8243;][et_pb_text _builder_version=&#8221;4.0.3&#8243; header_font=&#8221;Lato|900|||||||&#8221; header_text_color=&#8221;#e09900&#8243; header_font_size=&#8221;42px&#8221;]<\/p>\n<h2>BlogBandi<\/h2>\n<p>[\/et_pb_text][et_pb_blog fullwidth=&#8221;off&#8221; posts_number=&#8221;3&#8243; include_categories=&#8221;1,1969,5,1972,1817,1771,1973,2018,1741&#8243; meta_date=&#8221;Y-m-d&#8221; use_manual_excerpt=&#8221;off&#8221; excerpt_length=&#8221;0&#8243; show_more=&#8221;on&#8221; show_author=&#8221;off&#8221; show_categories=&#8221;off&#8221; show_excerpt=&#8221;off&#8221; use_overlay=&#8221;on&#8221; overlay_icon_color=&#8221;rgba(255,166,168,0.75)&#8221; hover_overlay_color=&#8221;rgba(51,51,51,0.5)&#8221; hover_icon=&#8221;%%32%%&#8221; module_class=&#8221;homepage box&#8221; _builder_version=&#8221;4.0.6&#8243; header_font=&#8221;Bree Serif||||||||&#8221; header_text_color=&#8221;#333333&#8243; header_font_size=&#8221;22px&#8221; header_line_height=&#8221;26px&#8221; body_font=&#8221;Raleway||||||||&#8221; body_text_align=&#8221;center&#8221; body_text_color=&#8221;#666666&#8243; body_font_size=&#8221;15px&#8221; body_line_height=&#8221;26px&#8221; meta_font=&#8221;Raleway||||||||&#8221; meta_text_color=&#8221;#666666&#8243; meta_font_size=&#8221;15px&#8221; read_more_font=&#8221;Raleway|700|||||||&#8221; read_more_text_color=&#8221;#ffffff&#8221; read_more_font_size=&#8221;12px&#8221; pagination_font=&#8221;||||||||&#8221; pagination_text_color=&#8221;rgba(255,166,168,0.75)&#8221; text_orientation=&#8221;center&#8221; height=&#8221;400px&#8221; height_tablet=&#8221;&#8221; height_phone=&#8221;&#8221; height_last_edited=&#8221;on|phone&#8221; custom_padding_phone=&#8221;||30px||false|false&#8221; custom_padding_last_edited=&#8221;off|desktop&#8221;][\/et_pb_blog][\/et_pb_column][\/et_pb_row][\/et_pb_section][et_pb_section fb_built=&#8221;1&#8243; _builder_version=&#8221;4.0.3&#8243;][et_pb_row _builder_version=&#8221;4.0.6&#8243; background_color=&#8221;rgba(255,166,168,0.25)&#8221; custom_padding=&#8221;50px|50px|50px|50px|false|false&#8221; hover_enabled=&#8221;0&#8243;][et_pb_column type=&#8221;4_4&#8243; _builder_version=&#8221;4.0.3&#8243;][et_pb_text _builder_version=&#8221;4.0.6&#8243; hover_enabled=&#8221;0&#8243; text_text_color=&#8221;#333333&#8243; text_font_size=&#8221;12px&#8221; text_line_height=&#8221;1.35em&#8221; text_orientation=&#8221;justified&#8221;]<\/p>\n<p>30 lat do\u015bwiadczenia na rynku sprawa, \u017ce jeste\u015bmy jedn\u0105 z najbardziej rozpoznawalnych marek na rynku kosmetyk\u00f3w profesjonalnych. Zdobyte do\u015bwiadczenie, wiedza przek\u0142adaj\u0105 si\u0119 na doskona\u0142ej jako\u015bci kosmetyki! Rokrocznie zdobywamy szereg nominacji, nagr\u00f3d i wyr\u00f3\u017cnie\u0144. Najwi\u0119ksz\u0105  nagrod\u0105 dla nas jest jednak nies\u0142abn\u0105ca dobra opinia ze strony codziennych u\u017cytkowniczek naszych kosmetyk\u00f3w. To tak\u017ce najwspanialsza motywacja do tworzenia kolejnych propozycji piel\u0119gnacyjnych.<\/p>\n<p>[\/et_pb_text][\/et_pb_column][\/et_pb_row][\/et_pb_section]<\/p>\n","protected":false},"excerpt":{"rendered":"<p>Nagrody i nominacjeInstaBandi[instagram-feed num=4 cols=4]BlogBandi30 lat do\u015bwiadczenia na rynku sprawa, \u017ce jeste\u015bmy jedn\u0105 z najbardziej rozpoznawalnych marek na rynku kosmetyk\u00f3w profesjonalnych. Zdobyte do\u015bwiadczenie, wiedza przek\u0142adaj\u0105 si\u0119 na doskona\u0142ej jako\u015bci kosmetyki! Rokrocznie zdobywamy szereg nominacji, nagr\u00f3d i wyr\u00f3\u017cnie\u0144. Najwi\u0119ksz\u0105 nagrod\u0105 dla nas jest jednak nies\u0142abn\u0105ca dobra opinia ze strony codziennych u\u017cytkowniczek naszych kosmetyk\u00f3w. To tak\u017ce najwspanialsza [&hellip;]<\/p>\n","protected":false},"author":3,"featured_media":0,"parent":5160,"menu_order":0,"comment_status":"closed","ping_status":"closed","template":"","meta":{"_et_pb_use_builder":"on","_et_pb_old_content":"","_et_gb_content_width":"","footnotes":""},"class_list":["post-5168","page","type-page","status-publish","hentry"],"yoast_head":"<!-- This site is optimized with the Yoast SEO plugin v27.1.1 - https:\/\/yoast.com\/product\/yoast-seo-wordpress\/ -->\n<title>Nagrody i nominacje &#187; Blog BANDI<\/title>\n<meta name=\"robots\" content=\"index, follow, max-snippet:-1, max-image-preview:large, max-video-preview:-1\" \/>\n<link rel=\"canonical\" href=\"https:\/\/www.bandi.pl\/blog\/z-zycia-firmy\/nagrody-i-nominacje\/\" \/>\n<meta property=\"og:locale\" content=\"pl_PL\" \/>\n<meta property=\"og:type\" content=\"article\" \/>\n<meta property=\"og:title\" content=\"Nagrody i nominacje &#187; Blog BANDI\" \/>\n<meta property=\"og:description\" content=\"Nagrody i nominacjeInstaBandi[instagram-feed num=4 cols=4]BlogBandi30 lat do\u015bwiadczenia na rynku sprawa, \u017ce jeste\u015bmy jedn\u0105 z najbardziej rozpoznawalnych marek na rynku kosmetyk\u00f3w profesjonalnych. Zdobyte do\u015bwiadczenie, wiedza przek\u0142adaj\u0105 si\u0119 na doskona\u0142ej jako\u015bci kosmetyki! Rokrocznie zdobywamy szereg nominacji, nagr\u00f3d i wyr\u00f3\u017cnie\u0144. Najwi\u0119ksz\u0105 nagrod\u0105 dla nas jest jednak nies\u0142abn\u0105ca dobra opinia ze strony codziennych u\u017cytkowniczek naszych kosmetyk\u00f3w. To tak\u017ce najwspanialsza [&hellip;]\" \/>\n<meta property=\"og:url\" content=\"https:\/\/www.bandi.pl\/blog\/z-zycia-firmy\/nagrody-i-nominacje\/\" \/>\n<meta property=\"og:site_name\" content=\"Blog BANDI\" \/>\n<meta property=\"article:publisher\" content=\"https:\/\/web.facebook.com\/BANDIcosmetics\" \/>\n<meta property=\"article:modified_time\" content=\"2019-11-18T18:29:03+00:00\" \/>\n<meta property=\"og:image\" content=\"https:\/\/www.bandi.pl\/blog\/wp-content\/uploads\/2019\/06\/bandi-logo.png\" \/>\n\t<meta property=\"og:image:width\" content=\"264\" \/>\n\t<meta property=\"og:image:height\" content=\"111\" \/>\n\t<meta property=\"og:image:type\" content=\"image\/png\" \/>\n<meta name=\"twitter:card\" content=\"summary_large_image\" \/>\n<meta name=\"twitter:site\" content=\"@bandi_cosmetics\" \/>\n<meta name=\"twitter:label1\" content=\"Szacowany czas czytania\" \/>\n\t<meta name=\"twitter:data1\" content=\"3 minuty\" \/>\n<script type=\"application\/ld+json\" class=\"yoast-schema-graph\">{\"@context\":\"https:\/\/schema.org\",\"@graph\":[{\"@type\":\"WebPage\",\"@id\":\"https:\/\/www.bandi.pl\/blog\/z-zycia-firmy\/nagrody-i-nominacje\/\",\"url\":\"https:\/\/www.bandi.pl\/blog\/z-zycia-firmy\/nagrody-i-nominacje\/\",\"name\":\"Nagrody i nominacje &#187; Blog BANDI\",\"isPartOf\":{\"@id\":\"https:\/\/www.bandi.pl\/blog\/#website\"},\"datePublished\":\"2019-10-30T15:01:49+00:00\",\"dateModified\":\"2019-11-18T18:29:03+00:00\",\"breadcrumb\":{\"@id\":\"https:\/\/www.bandi.pl\/blog\/z-zycia-firmy\/nagrody-i-nominacje\/#breadcrumb\"},\"inLanguage\":\"pl-PL\",\"potentialAction\":[{\"@type\":\"ReadAction\",\"target\":[\"https:\/\/www.bandi.pl\/blog\/z-zycia-firmy\/nagrody-i-nominacje\/\"]}]},{\"@type\":\"BreadcrumbList\",\"@id\":\"https:\/\/www.bandi.pl\/blog\/z-zycia-firmy\/nagrody-i-nominacje\/#breadcrumb\",\"itemListElement\":[{\"@type\":\"ListItem\",\"position\":1,\"name\":\"BANDI\",\"item\":\"https:\/\/www.bandi.pl\/blog\/\"},{\"@type\":\"ListItem\",\"position\":2,\"name\":\"Z \u017cycia firmy\",\"item\":\"https:\/\/www.bandi.pl\/blog\/z-zycia-firmy\/\"},{\"@type\":\"ListItem\",\"position\":3,\"name\":\"Nagrody i nominacje\"}]},{\"@type\":\"WebSite\",\"@id\":\"https:\/\/www.bandi.pl\/blog\/#website\",\"url\":\"https:\/\/www.bandi.pl\/blog\/\",\"name\":\"Blog BANDI\",\"description\":\"Czarno na bia\u0142ym o kosmetykach\",\"publisher\":{\"@id\":\"https:\/\/www.bandi.pl\/blog\/#organization\"},\"potentialAction\":[{\"@type\":\"SearchAction\",\"target\":{\"@type\":\"EntryPoint\",\"urlTemplate\":\"https:\/\/www.bandi.pl\/blog\/?s={search_term_string}\"},\"query-input\":{\"@type\":\"PropertyValueSpecification\",\"valueRequired\":true,\"valueName\":\"search_term_string\"}}],\"inLanguage\":\"pl-PL\"},{\"@type\":\"Organization\",\"@id\":\"https:\/\/www.bandi.pl\/blog\/#organization\",\"name\":\"BANDI\",\"url\":\"https:\/\/www.bandi.pl\/blog\/\",\"logo\":{\"@type\":\"ImageObject\",\"inLanguage\":\"pl-PL\",\"@id\":\"https:\/\/www.bandi.pl\/blog\/#\/schema\/logo\/image\/\",\"url\":\"https:\/\/www.bandi.pl\/blog\/wp-content\/uploads\/2019\/06\/bandi-logo.png\",\"contentUrl\":\"https:\/\/www.bandi.pl\/blog\/wp-content\/uploads\/2019\/06\/bandi-logo.png\",\"width\":264,\"height\":111,\"caption\":\"BANDI\"},\"image\":{\"@id\":\"https:\/\/www.bandi.pl\/blog\/#\/schema\/logo\/image\/\"},\"sameAs\":[\"https:\/\/web.facebook.com\/BANDIcosmetics\",\"https:\/\/x.com\/bandi_cosmetics\",\"https:\/\/www.instagram.com\/bandi_cosmetics\/\",\"https:\/\/www.pinterest.com\/bandicosmetics\/\",\"https:\/\/www.youtube.com\/user\/BandiCosmeticsPolska\"]}]}<\/script>\n<!-- \/ Yoast SEO plugin. -->","yoast_head_json":{"title":"Nagrody i nominacje &#187; Blog BANDI","robots":{"index":"index","follow":"follow","max-snippet":"max-snippet:-1","max-image-preview":"max-image-preview:large","max-video-preview":"max-video-preview:-1"},"canonical":"https:\/\/www.bandi.pl\/blog\/z-zycia-firmy\/nagrody-i-nominacje\/","og_locale":"pl_PL","og_type":"article","og_title":"Nagrody i nominacje &#187; Blog BANDI","og_description":"Nagrody i nominacjeInstaBandi[instagram-feed num=4 cols=4]BlogBandi30 lat do\u015bwiadczenia na rynku sprawa, \u017ce jeste\u015bmy jedn\u0105 z najbardziej rozpoznawalnych marek na rynku kosmetyk\u00f3w profesjonalnych. Zdobyte do\u015bwiadczenie, wiedza przek\u0142adaj\u0105 si\u0119 na doskona\u0142ej jako\u015bci kosmetyki! Rokrocznie zdobywamy szereg nominacji, nagr\u00f3d i wyr\u00f3\u017cnie\u0144. Najwi\u0119ksz\u0105 nagrod\u0105 dla nas jest jednak nies\u0142abn\u0105ca dobra opinia ze strony codziennych u\u017cytkowniczek naszych kosmetyk\u00f3w. To tak\u017ce najwspanialsza [&hellip;]","og_url":"https:\/\/www.bandi.pl\/blog\/z-zycia-firmy\/nagrody-i-nominacje\/","og_site_name":"Blog BANDI","article_publisher":"https:\/\/web.facebook.com\/BANDIcosmetics","article_modified_time":"2019-11-18T18:29:03+00:00","og_image":[{"width":264,"height":111,"url":"https:\/\/www.bandi.pl\/blog\/wp-content\/uploads\/2019\/06\/bandi-logo.png","type":"image\/png"}],"twitter_card":"summary_large_image","twitter_site":"@bandi_cosmetics","twitter_misc":{"Szacowany czas czytania":"3 minuty"},"schema":{"@context":"https:\/\/schema.org","@graph":[{"@type":"WebPage","@id":"https:\/\/www.bandi.pl\/blog\/z-zycia-firmy\/nagrody-i-nominacje\/","url":"https:\/\/www.bandi.pl\/blog\/z-zycia-firmy\/nagrody-i-nominacje\/","name":"Nagrody i nominacje &#187; Blog BANDI","isPartOf":{"@id":"https:\/\/www.bandi.pl\/blog\/#website"},"datePublished":"2019-10-30T15:01:49+00:00","dateModified":"2019-11-18T18:29:03+00:00","breadcrumb":{"@id":"https:\/\/www.bandi.pl\/blog\/z-zycia-firmy\/nagrody-i-nominacje\/#breadcrumb"},"inLanguage":"pl-PL","potentialAction":[{"@type":"ReadAction","target":["https:\/\/www.bandi.pl\/blog\/z-zycia-firmy\/nagrody-i-nominacje\/"]}]},{"@type":"BreadcrumbList","@id":"https:\/\/www.bandi.pl\/blog\/z-zycia-firmy\/nagrody-i-nominacje\/#breadcrumb","itemListElement":[{"@type":"ListItem","position":1,"name":"BANDI","item":"https:\/\/www.bandi.pl\/blog\/"},{"@type":"ListItem","position":2,"name":"Z \u017cycia firmy","item":"https:\/\/www.bandi.pl\/blog\/z-zycia-firmy\/"},{"@type":"ListItem","position":3,"name":"Nagrody i nominacje"}]},{"@type":"WebSite","@id":"https:\/\/www.bandi.pl\/blog\/#website","url":"https:\/\/www.bandi.pl\/blog\/","name":"Blog BANDI","description":"Czarno na bia\u0142ym o kosmetykach","publisher":{"@id":"https:\/\/www.bandi.pl\/blog\/#organization"},"potentialAction":[{"@type":"SearchAction","target":{"@type":"EntryPoint","urlTemplate":"https:\/\/www.bandi.pl\/blog\/?s={search_term_string}"},"query-input":{"@type":"PropertyValueSpecification","valueRequired":true,"valueName":"search_term_string"}}],"inLanguage":"pl-PL"},{"@type":"Organization","@id":"https:\/\/www.bandi.pl\/blog\/#organization","name":"BANDI","url":"https:\/\/www.bandi.pl\/blog\/","logo":{"@type":"ImageObject","inLanguage":"pl-PL","@id":"https:\/\/www.bandi.pl\/blog\/#\/schema\/logo\/image\/","url":"https:\/\/www.bandi.pl\/blog\/wp-content\/uploads\/2019\/06\/bandi-logo.png","contentUrl":"https:\/\/www.bandi.pl\/blog\/wp-content\/uploads\/2019\/06\/bandi-logo.png","width":264,"height":111,"caption":"BANDI"},"image":{"@id":"https:\/\/www.bandi.pl\/blog\/#\/schema\/logo\/image\/"},"sameAs":["https:\/\/web.facebook.com\/BANDIcosmetics","https:\/\/x.com\/bandi_cosmetics","https:\/\/www.instagram.com\/bandi_cosmetics\/","https:\/\/www.pinterest.com\/bandicosmetics\/","https:\/\/www.youtube.com\/user\/BandiCosmeticsPolska"]}]}},"_links":{"self":[{"href":"https:\/\/www.bandi.pl\/blog\/wp-json\/wp\/v2\/pages\/5168","targetHints":{"allow":["GET"]}}],"collection":[{"href":"https:\/\/www.bandi.pl\/blog\/wp-json\/wp\/v2\/pages"}],"about":[{"href":"https:\/\/www.bandi.pl\/blog\/wp-json\/wp\/v2\/types\/page"}],"author":[{"embeddable":true,"href":"https:\/\/www.bandi.pl\/blog\/wp-json\/wp\/v2\/users\/3"}],"replies":[{"embeddable":true,"href":"https:\/\/www.bandi.pl\/blog\/wp-json\/wp\/v2\/comments?post=5168"}],"version-history":[{"count":5,"href":"https:\/\/www.bandi.pl\/blog\/wp-json\/wp\/v2\/pages\/5168\/revisions"}],"predecessor-version":[{"id":6346,"href":"https:\/\/www.bandi.pl\/blog\/wp-json\/wp\/v2\/pages\/5168\/revisions\/6346"}],"up":[{"embeddable":true,"href":"https:\/\/www.bandi.pl\/blog\/wp-json\/wp\/v2\/pages\/5160"}],"wp:attachment":[{"href":"https:\/\/www.bandi.pl\/blog\/wp-json\/wp\/v2\/media?parent=5168"}],"curies":[{"name":"wp","href":"https:\/\/api.w.org\/{rel}","templated":true}]}}