{"id":5100,"date":"2019-10-30T10:01:11","date_gmt":"2019-10-30T09:01:11","guid":{"rendered":"https:\/\/www.bandi.pl\/blog\/?page_id=5100"},"modified":"2019-11-18T18:20:02","modified_gmt":"2019-11-18T17:20:02","slug":"archiwum-bandi","status":"publish","type":"page","link":"https:\/\/www.bandi.pl\/blog\/archiwum-bandi\/","title":{"rendered":"Archiwum BANDI"},"content":{"rendered":"\n[et_pb_section fb_built=&#8221;1&#8243; _builder_version=&#8221;3.23.3&#8243;][et_pb_row _builder_version=&#8221;4.0.3&#8243;][et_pb_column type=&#8221;4_4&#8243; _builder_version=&#8221;3.25&#8243; custom_padding=&#8221;|||&#8221; custom_padding__hover=&#8221;|||&#8221;][et_pb_text _builder_version=&#8221;4.0.6&#8243; header_font=&#8221;|800|||||||&#8221; header_text_color=&#8221;rgba(255,166,168,0.75)&#8221; header_font_size=&#8221;42px&#8221; custom_margin=&#8221;50px||||false|false&#8221;]<h1>Archiwum Bandi<\/h1>[\/et_pb_text][\/et_pb_column][\/et_pb_row][et_pb_row _builder_version=&#8221;3.25&#8243;][et_pb_column type=&#8221;4_4&#8243; _builder_version=&#8221;3.25&#8243; custom_padding=&#8221;|||&#8221; custom_padding__hover=&#8221;|||&#8221;][et_pb_blog fullwidth=&#8221;off&#8221; posts_number=&#8221;30&#8243; include_categories=&#8221;1728&#8243; meta_date=&#8221;Y-m-d&#8221; show_thumbnail=&#8221;off&#8221; use_manual_excerpt=&#8221;off&#8221; excerpt_length=&#8221;150&#8243; show_author=&#8221;off&#8221; show_categories=&#8221;off&#8221; use_overlay=&#8221;on&#8221; overlay_icon_color=&#8221;rgba(255,166,168,0.75)&#8221; hover_overlay_color=&#8221;rgba(51,51,51,0.5)&#8221; hover_icon=&#8221;%%32%%&#8221; module_class=&#8221;homepage&#8221; _builder_version=&#8221;4.0.3&#8243; header_font=&#8221;Bree Serif||||||||&#8221; header_text_color=&#8221;#333333&#8243; header_font_size=&#8221;22px&#8221; header_line_height=&#8221;26px&#8221; body_font=&#8221;Raleway||||||||&#8221; body_text_align=&#8221;center&#8221; body_text_color=&#8221;#666666&#8243; body_font_size=&#8221;15px&#8221; body_line_height=&#8221;26px&#8221; meta_font=&#8221;Raleway||||||||&#8221; meta_text_color=&#8221;#666666&#8243; meta_font_size=&#8221;15px&#8221; read_more_font=&#8221;Lato|700|||||||&#8221; read_more_text_color=&#8221;#ffffff&#8221; read_more_font_size=&#8221;12px&#8221; pagination_font=&#8221;||||||||&#8221; text_orientation=&#8221;center&#8221; height=&#8221;400px&#8221; height_tablet=&#8221;&#8221; height_phone=&#8221;&#8221; height_last_edited=&#8221;on|desktop&#8221; custom_css_title=&#8221;font-weight: 500 !important;&#8221;][\/et_pb_blog][\/et_pb_column][\/et_pb_row][\/et_pb_section][et_pb_section fb_built=&#8221;1&#8243; _builder_version=&#8221;4.0.3&#8243;][et_pb_row _builder_version=&#8221;4.0.3&#8243;][et_pb_column type=&#8221;4_4&#8243; _builder_version=&#8221;4.0.3&#8243;][et_pb_text _builder_version=&#8221;4.0.3&#8243; header_font=&#8221;Lato|900|||||||&#8221; header_text_color=&#8221;#e09900&#8243; header_font_size=&#8221;42px&#8221;]<h2>BlogBandi<\/h2>[\/et_pb_text][et_pb_blog fullwidth=&#8221;off&#8221; posts_number=&#8221;3&#8243; include_categories=&#8221;1,1969,5,1972,1817,1771,1973,2018,1741&#8243; meta_date=&#8221;Y-m-d&#8221; use_manual_excerpt=&#8221;off&#8221; excerpt_length=&#8221;0&#8243; show_more=&#8221;on&#8221; show_author=&#8221;off&#8221; show_categories=&#8221;off&#8221; show_excerpt=&#8221;off&#8221; use_overlay=&#8221;on&#8221; overlay_icon_color=&#8221;rgba(255,166,168,0.75)&#8221; hover_overlay_color=&#8221;rgba(51,51,51,0.5)&#8221; hover_icon=&#8221;%%32%%&#8221; module_class=&#8221;homepage box&#8221; _builder_version=&#8221;4.0.3&#8243; header_font=&#8221;Bree Serif||||||||&#8221; header_text_color=&#8221;#333333&#8243; header_font_size=&#8221;22px&#8221; header_line_height=&#8221;26px&#8221; body_font=&#8221;Raleway||||||||&#8221; body_text_align=&#8221;center&#8221; body_text_color=&#8221;#666666&#8243; body_font_size=&#8221;15px&#8221; body_line_height=&#8221;26px&#8221; meta_font=&#8221;Raleway||||||||&#8221; meta_text_color=&#8221;#666666&#8243; meta_font_size=&#8221;15px&#8221; read_more_font=&#8221;Raleway|700|||||||&#8221; read_more_text_color=&#8221;#ffffff&#8221; read_more_font_size=&#8221;12px&#8221; pagination_font=&#8221;||||||||&#8221; pagination_text_color=&#8221;rgba(255,166,168,0.75)&#8221; text_orientation=&#8221;center&#8221; height=&#8221;400px&#8221; height_tablet=&#8221;&#8221; height_phone=&#8221;&#8221; height_last_edited=&#8221;on|desktop&#8221; custom_css_title=&#8221;font-weight: 500 !important;&#8221;][\/et_pb_blog][\/et_pb_column][\/et_pb_row][\/et_pb_section][et_pb_section fb_built=&#8221;1&#8243; _builder_version=&#8221;4.0.3&#8243; background_image=&#8221;https:\/\/www.bandi.pl\/blog\/wp-content\/uploads\/2019\/10\/licznik.jpg&#8221;][et_pb_row _builder_version=&#8221;4.0.3&#8243;][et_pb_column type=&#8221;4_4&#8243; _builder_version=&#8221;4.0.3&#8243;][et_pb_text _builder_version=&#8221;4.0.3&#8243; header_font=&#8221;Lato|900|||||||&#8221; header_text_color=&#8221;#e09900&#8243; header_font_size=&#8221;42px&#8221;]<h2>InstaBandi<\/h2>[\/et_pb_text][et_pb_text _builder_version=&#8221;4.0.3&#8243;]<p><span>[instagram-feed num=4 cols=4]<\/span><\/p>[\/et_pb_text][\/et_pb_column][\/et_pb_row][et_pb_row _builder_version=&#8221;4.0.6&#8243; background_color=&#8221;rgba(255,166,168,0.35)&#8221; custom_margin=&#8221;50px||||false|false&#8221; custom_padding=&#8221;50px|50px|50px|50px|false|false&#8221; hover_enabled=&#8221;0&#8243;][et_pb_column _builder_version=&#8221;4.0.6&#8243; type=&#8221;4_4&#8243;][et_pb_text _builder_version=&#8221;4.0.6&#8243; text_font_size=&#8221;12px&#8221; text_text_color=&#8221;#333333&#8243; text_line_height=&#8221;1.5em&#8221; text_orientation=&#8221;justified&#8221; text_orientation_last_edited=&#8221;on|desktop&#8221; hover_enabled=&#8221;0&#8243; text_orientation_phone=&#8221;left&#8221; link_text_color=&#8221;#333333&#8243; link_font=&#8221;|600|||on||||&#8221;]<p>O sk\u00f3rze wiemy wszystko, lub\u00a0prawie wszystko. Od\u00a0lat we\u00a0wsp\u00f3\u0142pracy z\u00a0dermatologami, kosmetyczkami i\u00a0kosmetologami, tworzymy receptury, kt\u00f3re sprawdz\u0105 si\u0119\u00a0w\u00a0piel\u0119gnacji nawet najbardziej wymagaj\u0105cych cer. To\u00a0na\u00a0naszych kosmetykach w\u00a0setkach salon\u00f3w kosmetycznych wykonywane s\u0105\u00a0profesjonalne zabiegi. Jeste\u015bmy aktywni w\u00a0bran\u017cy kosmetycznej tak\u017ce jako\u00a0propagatorzy wiedzy! Profesjonalistom pomagamy w\u00a0ci\u0105g\u0142ym podnoszeniu kwalifikacji zawodowych &#8211; dotychczas zorganizowali\u015bmy ju\u017c\u00a0setki szkole\u0144, konferencji, wyk\u0142ad\u00f3w, warsztat\u00f3w! Jeste\u015bmy obecni na\u00a0najwi\u0119kszych <a href=\"https:\/\/www.bandi.pl\/blog\/z-zycia-firmy\/targi-i-szkolenia\/\">targach kosmetycznych<\/a> w\u00a0kraju i\u00a0poza granicami. Nieustannie \u015bledzimy trendy, a\u00a0tak\u017ce mamy udzia\u0142 w\u00a0wytyczaniu nowych kierunk\u00f3w rozwoju kosmetyki.<\/p>\n<p>Poczuj, co\u00a0znaczy jako\u015b\u0107 kosmetyk\u00f3w doceniana przez\u00a0profesjonalist\u00f3w!<\/p>\n[\/et_pb_text][\/et_pb_column][\/et_pb_row][\/et_pb_section]\n","protected":false},"excerpt":{"rendered":"<p>Archiwum BandiBlogBandiInstaBandi[instagram-feed num=4 cols=4]O sk\u00f3rze wiemy wszystko, lub\u00a0prawie wszystko. Od\u00a0lat we\u00a0wsp\u00f3\u0142pracy z\u00a0dermatologami, kosmetyczkami i\u00a0kosmetologami, tworzymy receptury, kt\u00f3re sprawdz\u0105 si\u0119\u00a0w\u00a0piel\u0119gnacji nawet najbardziej wymagaj\u0105cych cer. To\u00a0na\u00a0naszych kosmetykach w\u00a0setkach salon\u00f3w kosmetycznych wykonywane s\u0105\u00a0profesjonalne zabiegi. Jeste\u015bmy aktywni w\u00a0bran\u017cy kosmetycznej tak\u017ce jako\u00a0propagatorzy wiedzy! Profesjonalistom pomagamy w\u00a0ci\u0105g\u0142ym podnoszeniu kwalifikacji zawodowych &#8211; dotychczas zorganizowali\u015bmy ju\u017c\u00a0setki szkole\u0144, konferencji, wyk\u0142ad\u00f3w, warsztat\u00f3w! Jeste\u015bmy obecni na\u00a0najwi\u0119kszych [&hellip;]<\/p>\n","protected":false},"author":3,"featured_media":0,"parent":0,"menu_order":0,"comment_status":"closed","ping_status":"closed","template":"","meta":{"_et_pb_use_builder":"on","_et_pb_old_content":"","_et_gb_content_width":"","footnotes":""},"class_list":["post-5100","page","type-page","status-publish","hentry"],"yoast_head":"<!-- This site is optimized with the Yoast SEO plugin v27.1.1 - https:\/\/yoast.com\/product\/yoast-seo-wordpress\/ -->\n<title>Archiwum BANDI &#187; Blog BANDI<\/title>\n<meta name=\"description\" content=\"O sk\u00f3rze wiemy prawie wszystko! Od lat we wsp\u00f3\u0142pracy z dermatologami, kosmetyczkami, tworzymy receptury, kt\u00f3re sprawdz\u0105 si\u0119 w piel\u0119gnacji najbardziej wymagaj\u0105cych cer.\" \/>\n<meta name=\"robots\" content=\"index, follow, max-snippet:-1, max-image-preview:large, max-video-preview:-1\" \/>\n<link rel=\"canonical\" href=\"https:\/\/www.bandi.pl\/blog\/archiwum-bandi\/\" \/>\n<meta property=\"og:locale\" content=\"pl_PL\" \/>\n<meta property=\"og:type\" content=\"article\" \/>\n<meta property=\"og:title\" content=\"Archiwum BANDI &#187; Blog BANDI\" \/>\n<meta property=\"og:description\" content=\"O sk\u00f3rze wiemy prawie wszystko! Od lat we wsp\u00f3\u0142pracy z dermatologami, kosmetyczkami, tworzymy receptury, kt\u00f3re sprawdz\u0105 si\u0119 w piel\u0119gnacji najbardziej wymagaj\u0105cych cer.\" \/>\n<meta property=\"og:url\" content=\"https:\/\/www.bandi.pl\/blog\/archiwum-bandi\/\" \/>\n<meta property=\"og:site_name\" content=\"Blog BANDI\" \/>\n<meta property=\"article:publisher\" content=\"https:\/\/web.facebook.com\/BANDIcosmetics\" \/>\n<meta property=\"article:modified_time\" content=\"2019-11-18T17:20:02+00:00\" \/>\n<meta property=\"og:image\" content=\"https:\/\/www.bandi.pl\/blog\/wp-content\/uploads\/2019\/06\/bandi-logo.png\" \/>\n\t<meta property=\"og:image:width\" content=\"264\" \/>\n\t<meta property=\"og:image:height\" content=\"111\" \/>\n\t<meta property=\"og:image:type\" content=\"image\/png\" \/>\n<meta name=\"twitter:card\" content=\"summary_large_image\" \/>\n<meta name=\"twitter:site\" content=\"@bandi_cosmetics\" \/>\n<meta name=\"twitter:label1\" content=\"Szacowany czas czytania\" \/>\n\t<meta name=\"twitter:data1\" content=\"3 minuty\" \/>\n<script type=\"application\/ld+json\" class=\"yoast-schema-graph\">{\"@context\":\"https:\/\/schema.org\",\"@graph\":[{\"@type\":\"WebPage\",\"@id\":\"https:\/\/www.bandi.pl\/blog\/archiwum-bandi\/\",\"url\":\"https:\/\/www.bandi.pl\/blog\/archiwum-bandi\/\",\"name\":\"Archiwum BANDI &#187; Blog BANDI\",\"isPartOf\":{\"@id\":\"https:\/\/www.bandi.pl\/blog\/#website\"},\"datePublished\":\"2019-10-30T09:01:11+00:00\",\"dateModified\":\"2019-11-18T17:20:02+00:00\",\"description\":\"O sk\u00f3rze wiemy prawie wszystko! Od lat we wsp\u00f3\u0142pracy z dermatologami, kosmetyczkami, tworzymy receptury, kt\u00f3re sprawdz\u0105 si\u0119 w piel\u0119gnacji najbardziej wymagaj\u0105cych cer.\",\"breadcrumb\":{\"@id\":\"https:\/\/www.bandi.pl\/blog\/archiwum-bandi\/#breadcrumb\"},\"inLanguage\":\"pl-PL\",\"potentialAction\":[{\"@type\":\"ReadAction\",\"target\":[\"https:\/\/www.bandi.pl\/blog\/archiwum-bandi\/\"]}]},{\"@type\":\"BreadcrumbList\",\"@id\":\"https:\/\/www.bandi.pl\/blog\/archiwum-bandi\/#breadcrumb\",\"itemListElement\":[{\"@type\":\"ListItem\",\"position\":1,\"name\":\"BANDI\",\"item\":\"https:\/\/www.bandi.pl\/blog\/\"},{\"@type\":\"ListItem\",\"position\":2,\"name\":\"Archiwum BANDI\"}]},{\"@type\":\"WebSite\",\"@id\":\"https:\/\/www.bandi.pl\/blog\/#website\",\"url\":\"https:\/\/www.bandi.pl\/blog\/\",\"name\":\"Blog BANDI\",\"description\":\"Czarno na bia\u0142ym o kosmetykach\",\"publisher\":{\"@id\":\"https:\/\/www.bandi.pl\/blog\/#organization\"},\"potentialAction\":[{\"@type\":\"SearchAction\",\"target\":{\"@type\":\"EntryPoint\",\"urlTemplate\":\"https:\/\/www.bandi.pl\/blog\/?s={search_term_string}\"},\"query-input\":{\"@type\":\"PropertyValueSpecification\",\"valueRequired\":true,\"valueName\":\"search_term_string\"}}],\"inLanguage\":\"pl-PL\"},{\"@type\":\"Organization\",\"@id\":\"https:\/\/www.bandi.pl\/blog\/#organization\",\"name\":\"BANDI\",\"url\":\"https:\/\/www.bandi.pl\/blog\/\",\"logo\":{\"@type\":\"ImageObject\",\"inLanguage\":\"pl-PL\",\"@id\":\"https:\/\/www.bandi.pl\/blog\/#\/schema\/logo\/image\/\",\"url\":\"https:\/\/www.bandi.pl\/blog\/wp-content\/uploads\/2019\/06\/bandi-logo.png\",\"contentUrl\":\"https:\/\/www.bandi.pl\/blog\/wp-content\/uploads\/2019\/06\/bandi-logo.png\",\"width\":264,\"height\":111,\"caption\":\"BANDI\"},\"image\":{\"@id\":\"https:\/\/www.bandi.pl\/blog\/#\/schema\/logo\/image\/\"},\"sameAs\":[\"https:\/\/web.facebook.com\/BANDIcosmetics\",\"https:\/\/x.com\/bandi_cosmetics\",\"https:\/\/www.instagram.com\/bandi_cosmetics\/\",\"https:\/\/www.pinterest.com\/bandicosmetics\/\",\"https:\/\/www.youtube.com\/user\/BandiCosmeticsPolska\"]}]}<\/script>\n<!-- \/ Yoast SEO plugin. -->","yoast_head_json":{"title":"Archiwum BANDI &#187; Blog BANDI","description":"O sk\u00f3rze wiemy prawie wszystko! Od lat we wsp\u00f3\u0142pracy z dermatologami, kosmetyczkami, tworzymy receptury, kt\u00f3re sprawdz\u0105 si\u0119 w piel\u0119gnacji najbardziej wymagaj\u0105cych cer.","robots":{"index":"index","follow":"follow","max-snippet":"max-snippet:-1","max-image-preview":"max-image-preview:large","max-video-preview":"max-video-preview:-1"},"canonical":"https:\/\/www.bandi.pl\/blog\/archiwum-bandi\/","og_locale":"pl_PL","og_type":"article","og_title":"Archiwum BANDI &#187; Blog BANDI","og_description":"O sk\u00f3rze wiemy prawie wszystko! Od lat we wsp\u00f3\u0142pracy z dermatologami, kosmetyczkami, tworzymy receptury, kt\u00f3re sprawdz\u0105 si\u0119 w piel\u0119gnacji najbardziej wymagaj\u0105cych cer.","og_url":"https:\/\/www.bandi.pl\/blog\/archiwum-bandi\/","og_site_name":"Blog BANDI","article_publisher":"https:\/\/web.facebook.com\/BANDIcosmetics","article_modified_time":"2019-11-18T17:20:02+00:00","og_image":[{"width":264,"height":111,"url":"https:\/\/www.bandi.pl\/blog\/wp-content\/uploads\/2019\/06\/bandi-logo.png","type":"image\/png"}],"twitter_card":"summary_large_image","twitter_site":"@bandi_cosmetics","twitter_misc":{"Szacowany czas czytania":"3 minuty"},"schema":{"@context":"https:\/\/schema.org","@graph":[{"@type":"WebPage","@id":"https:\/\/www.bandi.pl\/blog\/archiwum-bandi\/","url":"https:\/\/www.bandi.pl\/blog\/archiwum-bandi\/","name":"Archiwum BANDI &#187; Blog BANDI","isPartOf":{"@id":"https:\/\/www.bandi.pl\/blog\/#website"},"datePublished":"2019-10-30T09:01:11+00:00","dateModified":"2019-11-18T17:20:02+00:00","description":"O sk\u00f3rze wiemy prawie wszystko! Od lat we wsp\u00f3\u0142pracy z dermatologami, kosmetyczkami, tworzymy receptury, kt\u00f3re sprawdz\u0105 si\u0119 w piel\u0119gnacji najbardziej wymagaj\u0105cych cer.","breadcrumb":{"@id":"https:\/\/www.bandi.pl\/blog\/archiwum-bandi\/#breadcrumb"},"inLanguage":"pl-PL","potentialAction":[{"@type":"ReadAction","target":["https:\/\/www.bandi.pl\/blog\/archiwum-bandi\/"]}]},{"@type":"BreadcrumbList","@id":"https:\/\/www.bandi.pl\/blog\/archiwum-bandi\/#breadcrumb","itemListElement":[{"@type":"ListItem","position":1,"name":"BANDI","item":"https:\/\/www.bandi.pl\/blog\/"},{"@type":"ListItem","position":2,"name":"Archiwum BANDI"}]},{"@type":"WebSite","@id":"https:\/\/www.bandi.pl\/blog\/#website","url":"https:\/\/www.bandi.pl\/blog\/","name":"Blog BANDI","description":"Czarno na bia\u0142ym o kosmetykach","publisher":{"@id":"https:\/\/www.bandi.pl\/blog\/#organization"},"potentialAction":[{"@type":"SearchAction","target":{"@type":"EntryPoint","urlTemplate":"https:\/\/www.bandi.pl\/blog\/?s={search_term_string}"},"query-input":{"@type":"PropertyValueSpecification","valueRequired":true,"valueName":"search_term_string"}}],"inLanguage":"pl-PL"},{"@type":"Organization","@id":"https:\/\/www.bandi.pl\/blog\/#organization","name":"BANDI","url":"https:\/\/www.bandi.pl\/blog\/","logo":{"@type":"ImageObject","inLanguage":"pl-PL","@id":"https:\/\/www.bandi.pl\/blog\/#\/schema\/logo\/image\/","url":"https:\/\/www.bandi.pl\/blog\/wp-content\/uploads\/2019\/06\/bandi-logo.png","contentUrl":"https:\/\/www.bandi.pl\/blog\/wp-content\/uploads\/2019\/06\/bandi-logo.png","width":264,"height":111,"caption":"BANDI"},"image":{"@id":"https:\/\/www.bandi.pl\/blog\/#\/schema\/logo\/image\/"},"sameAs":["https:\/\/web.facebook.com\/BANDIcosmetics","https:\/\/x.com\/bandi_cosmetics","https:\/\/www.instagram.com\/bandi_cosmetics\/","https:\/\/www.pinterest.com\/bandicosmetics\/","https:\/\/www.youtube.com\/user\/BandiCosmeticsPolska"]}]}},"_links":{"self":[{"href":"https:\/\/www.bandi.pl\/blog\/wp-json\/wp\/v2\/pages\/5100","targetHints":{"allow":["GET"]}}],"collection":[{"href":"https:\/\/www.bandi.pl\/blog\/wp-json\/wp\/v2\/pages"}],"about":[{"href":"https:\/\/www.bandi.pl\/blog\/wp-json\/wp\/v2\/types\/page"}],"author":[{"embeddable":true,"href":"https:\/\/www.bandi.pl\/blog\/wp-json\/wp\/v2\/users\/3"}],"replies":[{"embeddable":true,"href":"https:\/\/www.bandi.pl\/blog\/wp-json\/wp\/v2\/comments?post=5100"}],"version-history":[{"count":15,"href":"https:\/\/www.bandi.pl\/blog\/wp-json\/wp\/v2\/pages\/5100\/revisions"}],"predecessor-version":[{"id":6331,"href":"https:\/\/www.bandi.pl\/blog\/wp-json\/wp\/v2\/pages\/5100\/revisions\/6331"}],"wp:attachment":[{"href":"https:\/\/www.bandi.pl\/blog\/wp-json\/wp\/v2\/media?parent=5100"}],"curies":[{"name":"wp","href":"https:\/\/api.w.org\/{rel}","templated":true}]}}