{"id":11010,"date":"2020-11-27T09:43:06","date_gmt":"2020-11-27T08:43:06","guid":{"rendered":"https:\/\/www.bandi.pl\/blog\/?page_id=11010"},"modified":"2022-11-30T14:50:44","modified_gmt":"2022-11-30T13:50:44","slug":"angelika-sapinska","status":"publish","type":"page","link":"https:\/\/www.bandi.pl\/blog\/autorzy\/angelika-sapinska\/","title":{"rendered":"Angelika Sapi\u0144ska"},"content":{"rendered":"\n[et_pb_section fb_built=&#8221;1&#8243; _builder_version=&#8221;4.0.5&#8243; custom_margin=&#8221;50px||||false|false&#8221;][et_pb_row _builder_version=&#8221;3.25&#8243;][et_pb_column type=&#8221;4_4&#8243; _builder_version=&#8221;3.25&#8243; custom_padding=&#8221;|||&#8221; custom_padding__hover=&#8221;|||&#8221;][et_pb_text _builder_version=&#8221;4.4.1&#8243; header_font=&#8221;|900|||||||&#8221; header_text_color=&#8221;rgba(255,166,168,0.75)&#8221; header_font_size=&#8221;42px&#8221;]<h1>Angelika Sapi\u0144ska<\/h1>[\/et_pb_text][\/et_pb_column][\/et_pb_row][et_pb_row _builder_version=&#8221;4.4.1&#8243; background_color=&#8221;rgba(0,0,0,0)&#8221; custom_margin=&#8221;|auto|-27px|auto||&#8221;][et_pb_column type=&#8221;4_4&#8243; _builder_version=&#8221;4.4.1&#8243;][et_pb_team_member name=&#8221;Angelika Sapi\u0144ska&#8221; position=&#8221;Kosmetolog, szkoleniowiec&#8221; image_url=&#8221;https:\/\/www.bandi.pl\/blog\/wp-content\/uploads\/2020\/11\/zdj-1.jpg&#8221; _builder_version=&#8221;4.4.1&#8243; header_level=&#8221;h3&#8243; header_font=&#8221;|600|||||||&#8221; header_text_color=&#8221;#333333&#8243; header_font_size=&#8221;24px&#8221; body_text_align=&#8221;justify&#8221; body_text_color=&#8221;#333333&#8243; body_line_height=&#8221;1.25em&#8221; position_font=&#8221;||on||||||&#8221; position_text_color=&#8221;#333333&#8243; position_line_height=&#8221;1.25em&#8221; body_link_font=&#8221;|700|||||||&#8221; body_link_text_color=&#8221;#333333&#8243; background_color=&#8221;rgba(255,166,168,0.5)&#8221; custom_padding=&#8221;30px|30px|30px|30px|false|false&#8221; body_text_align_tablet=&#8221;&#8221; body_text_align_phone=&#8221;left&#8221; body_text_align_last_edited=&#8221;on|phone&#8221; custom_css_member_image=&#8221;height: 200px;||width: 200px;&#8221; custom_css_member_position=&#8221;margin-bottom: 20px;&#8221; border_radii_image=&#8221;on|200px|200px|200px|200px&#8221; border_width_all_image=&#8221;3px&#8221; border_color_all_image=&#8221;#ffffff&#8221; box_shadow_style_image=&#8221;preset1&#8243; box_shadow_color_image=&#8221;#ffffff&#8221;]<p>Uko\u0144czy\u0142am kierunek Kosmetologia w Wy\u017cszej Szkole In\u017cynierii i Zdrowia w Warszawie. Obecnie jestem jeszcze na studiach magisterskich na kierunku Marketing i Zarz\u0105dzanie.<\/p>\n<p>Odk\u0105d pami\u0119tam chcia\u0142am by\u0107 kosmetologiem, \u017ceby pomaga\u0107 ludziom zyskiwa\u0107 wi\u0119ksz\u0105 pewno\u015b\u0107 siebie poprzez pi\u0119kny wygl\u0105d sk\u00f3ry.<\/p>\n<p>Prywatnie uwielbiam podr\u00f3\u017cowa\u0107, odkrywa\u0107 nowe miejsca i poznawa\u0107 ludzi.<\/p>[\/et_pb_team_member][\/et_pb_column][\/et_pb_row][et_pb_row _builder_version=&#8221;4.4.1&#8243; custom_margin=&#8221;50px||||false|false&#8221;][et_pb_column type=&#8221;4_4&#8243; _builder_version=&#8221;3.25&#8243; custom_padding=&#8221;|||&#8221; custom_padding__hover=&#8221;|||&#8221;][et_pb_blog fullwidth=&#8221;off&#8221; posts_number=&#8221;9&#8243; include_categories=&#8221;5220&#8243; meta_date=&#8221;Y-m-d&#8221; use_manual_excerpt=&#8221;off&#8221; excerpt_length=&#8221;150&#8243; show_author=&#8221;off&#8221; show_categories=&#8221;off&#8221; use_overlay=&#8221;on&#8221; overlay_icon_color=&#8221;rgba(255,166,168,0)&#8221; hover_overlay_color=&#8221;rgba(255,166,168,0.5)&#8221; hover_icon=&#8221;%%32%%&#8221; module_class=&#8221;homepage&#8221; _builder_version=&#8221;4.4.1&#8243; header_font=&#8221;Bree Serif||||||||&#8221; header_text_color=&#8221;#333333&#8243; header_font_size=&#8221;22px&#8221; header_line_height=&#8221;26px&#8221; body_font=&#8221;Raleway||||||||&#8221; body_text_align=&#8221;center&#8221; body_text_color=&#8221;#666666&#8243; body_font_size=&#8221;15px&#8221; body_line_height=&#8221;26px&#8221; meta_font=&#8221;Raleway||||||||&#8221; meta_text_color=&#8221;#666666&#8243; meta_font_size=&#8221;15px&#8221; read_more_font=&#8221;Lato|700|||||||&#8221; read_more_text_color=&#8221;#ffffff&#8221; read_more_font_size=&#8221;12px&#8221; pagination_font=&#8221;||||||||&#8221; text_orientation=&#8221;center&#8221; height=&#8221;600px&#8221; height_tablet=&#8221;&#8221; height_phone=&#8221;&#8221; height_last_edited=&#8221;on|desktop&#8221; hover_enabled=&#8221;0&#8243; custom_css_title=&#8221;font-weight: 500 !important;&#8221;][\/et_pb_blog][\/et_pb_column][\/et_pb_row][\/et_pb_section][et_pb_section fb_built=&#8221;1&#8243; _builder_version=&#8221;4.0.6&#8243; border_width_top=&#8221;1px&#8221; border_color_top=&#8221;rgba(255,166,168,0.75)&#8221; border_style_top=&#8221;dotted&#8221; global_module=&#8221;5577&#8243; saved_tabs=&#8221;all&#8221;][et_pb_row _builder_version=&#8221;4.0.6&#8243; custom_margin=&#8221;50px||||false|false&#8221;][et_pb_column type=&#8221;4_4&#8243; _builder_version=&#8221;4.0.6&#8243;][et_pb_text _builder_version=&#8221;4.0.6&#8243;]<h2>Autorzy Bandi<\/h2>[\/et_pb_text][\/et_pb_column][\/et_pb_row][et_pb_row column_structure=&#8221;1_6,1_6,1_6,1_6,1_6,1_6&#8243; make_equal=&#8221;on&#8221; _builder_version=&#8221;4.0.6&#8243;][et_pb_column type=&#8221;1_6&#8243; _builder_version=&#8221;4.0.6&#8243; background_color=&#8221;rgba(255,166,168,0.75)&#8221; custom_padding=&#8221;10px|10px|10px|10px|false|false&#8221;][et_pb_team_member name=&#8221;Coco Collection&#8221; image_url=&#8221;https:\/\/www.bandi.pl\/blog\/wp-content\/uploads\/2019\/11\/coco-collection.jpg&#8221; _builder_version=&#8221;4.0.6&#8243; header_level=&#8221;h3&#8243; header_font=&#8221;|800|||||||&#8221; header_font_size=&#8221;14px&#8221; header_line_height=&#8221;1.15em&#8221; link_option_url=&#8221;https:\/\/www.bandi.pl\/blog\/autorzy\/coco-collection\/&#8221; border_radii_image=&#8221;on|150px|150px|150px|150px&#8221; border_width_all_image=&#8221;1px&#8221; border_color_all_image=&#8221;#ffffff&#8221; box_shadow_style_image=&#8221;preset1&#8243; box_shadow_color_image=&#8221;#ffffff&#8221;][\/et_pb_team_member][\/et_pb_column][et_pb_column type=&#8221;1_6&#8243; _builder_version=&#8221;4.0.6&#8243; background_color=&#8221;rgba(255,166,168,0.75)&#8221; custom_padding=&#8221;10px|10px|10px|10px|false|false&#8221;][et_pb_team_member name=&#8221;Magdalena Ciupi\u0144ska&#8221; image_url=&#8221;https:\/\/www.bandi.pl\/blog\/wp-content\/uploads\/2019\/11\/magdalena-ciupinska.jpg&#8221; _builder_version=&#8221;4.0.6&#8243; header_level=&#8221;h3&#8243; header_font=&#8221;|800|||||||&#8221; header_font_size=&#8221;14px&#8221; header_line_height=&#8221;1.15em&#8221; link_option_url=&#8221;https:\/\/www.bandi.pl\/blog\/autorzy\/magdalena-ciupinska\/&#8221; border_radii_image=&#8221;on|150px|150px|150px|150px&#8221; border_width_all_image=&#8221;1px&#8221; border_color_all_image=&#8221;#ffffff&#8221; box_shadow_style_image=&#8221;preset1&#8243; box_shadow_color_image=&#8221;#ffffff&#8221;][\/et_pb_team_member][\/et_pb_column][et_pb_column type=&#8221;1_6&#8243; _builder_version=&#8221;4.0.6&#8243; background_color=&#8221;rgba(255,166,168,0.75)&#8221; custom_padding=&#8221;10px|10px|10px|10px|false|false&#8221;][et_pb_team_member name=&#8221;Magdalena Dzienisik&#8221; image_url=&#8221;https:\/\/www.bandi.pl\/blog\/wp-content\/uploads\/2019\/11\/magdalena-dzienisik.jpg&#8221; _builder_version=&#8221;4.0.6&#8243; header_level=&#8221;h3&#8243; header_font=&#8221;|800|||||||&#8221; header_font_size=&#8221;14px&#8221; header_line_height=&#8221;1.15em&#8221; link_option_url=&#8221;https:\/\/www.bandi.pl\/blog\/autorzy\/magdalena-dzienisik\/&#8221; border_radii_image=&#8221;on|150px|150px|150px|150px&#8221; border_width_all_image=&#8221;1px&#8221; border_color_all_image=&#8221;#ffffff&#8221; box_shadow_style_image=&#8221;preset1&#8243; box_shadow_color_image=&#8221;#ffffff&#8221;][\/et_pb_team_member][\/et_pb_column][et_pb_column type=&#8221;1_6&#8243; _builder_version=&#8221;4.0.6&#8243; background_color=&#8221;rgba(255,166,168,0.75)&#8221; custom_padding=&#8221;10px|10px|10px|10px|false|false&#8221;][et_pb_team_member name=&#8221;Barbara Kugiel-Rachwalska&#8221; image_url=&#8221;https:\/\/www.bandi.pl\/blog\/wp-content\/uploads\/2019\/11\/barbara-kugiel-rachwalska.jpg&#8221; _builder_version=&#8221;4.0.6&#8243; header_level=&#8221;h3&#8243; header_font=&#8221;|800|||||||&#8221; header_font_size=&#8221;14px&#8221; header_line_height=&#8221;1.15em&#8221; link_option_url=&#8221;https:\/\/www.bandi.pl\/blog\/autorzy\/barbara-kugiel\/&#8221; border_radii_image=&#8221;on|150px|150px|150px|150px&#8221; border_width_all_image=&#8221;1px&#8221; border_color_all_image=&#8221;#ffffff&#8221; box_shadow_style_image=&#8221;preset1&#8243; box_shadow_color_image=&#8221;#ffffff&#8221;][\/et_pb_team_member][\/et_pb_column][et_pb_column type=&#8221;1_6&#8243; _builder_version=&#8221;4.0.6&#8243; background_color=&#8221;rgba(255,166,168,0.75)&#8221; custom_padding=&#8221;10px|10px|10px|10px|false|false&#8221;][et_pb_team_member name=&#8221;Laura Ogrodowczyk&#8221; image_url=&#8221;https:\/\/www.bandi.pl\/blog\/wp-content\/uploads\/2019\/11\/laura-ogrodowczyk.jpg&#8221; _builder_version=&#8221;4.0.6&#8243; header_level=&#8221;h3&#8243; header_font=&#8221;|800|||||||&#8221; header_font_size=&#8221;14px&#8221; header_line_height=&#8221;1.15em&#8221; link_option_url=&#8221;https:\/\/www.bandi.pl\/blog\/autorzy\/laura-ogrodowczyk\/&#8221; border_radii_image=&#8221;on|150px|150px|150px|150px&#8221; border_width_all_image=&#8221;1px&#8221; border_color_all_image=&#8221;#ffffff&#8221; box_shadow_style_image=&#8221;preset1&#8243; box_shadow_color_image=&#8221;#ffffff&#8221;][\/et_pb_team_member][\/et_pb_column][et_pb_column type=&#8221;1_6&#8243; _builder_version=&#8221;4.0.6&#8243; background_color=&#8221;rgba(255,166,168,0.75)&#8221; custom_padding=&#8221;10px|10px|10px|10px|false|false&#8221;][et_pb_team_member name=&#8221;Kosmostolog&#8221; image_url=&#8221;https:\/\/www.bandi.pl\/blog\/wp-content\/uploads\/2019\/11\/kosmostolog.jpg&#8221; _builder_version=&#8221;4.0.6&#8243; header_level=&#8221;h3&#8243; header_font=&#8221;|800|||||||&#8221; header_font_size=&#8221;14px&#8221; header_line_height=&#8221;1.15em&#8221; link_option_url=&#8221;https:\/\/www.bandi.pl\/blog\/autorzy\/kosmostolog\/&#8221; border_radii_image=&#8221;on|150px|150px|150px|150px&#8221; border_width_all_image=&#8221;1px&#8221; border_color_all_image=&#8221;#ffffff&#8221; box_shadow_style_image=&#8221;preset1&#8243; box_shadow_color_image=&#8221;#ffffff&#8221;][\/et_pb_team_member][\/et_pb_column][\/et_pb_row][\/et_pb_section][et_pb_section fb_built=&#8221;1&#8243; _builder_version=&#8221;4.0.11&#8243; background_image=&#8221;https:\/\/www.bandi.pl\/blog\/wp-content\/uploads\/2019\/11\/licznik.png&#8221; height=&#8221;400px&#8221; height_tablet=&#8221;&#8221; height_phone=&#8221;&#8221; height_last_edited=&#8221;on|desktop&#8221; global_module=&#8221;5138&#8243;][et_pb_row _builder_version=&#8221;4.0.3&#8243;][et_pb_column type=&#8221;4_4&#8243; _builder_version=&#8221;4.0.3&#8243;][et_pb_text _builder_version=&#8221;4.0.3&#8243; header_font=&#8221;Lato|900|||||||&#8221; header_text_color=&#8221;#e09900&#8243; header_font_size=&#8221;42px&#8221;]<h2>InstaBandi<\/h2>[\/et_pb_text][et_pb_text _builder_version=&#8221;4.2.2&#8243;][\/et_pb_text][\/et_pb_column][\/et_pb_row][\/et_pb_section][et_pb_section fb_built=&#8221;1&#8243; _builder_version=&#8221;4.0.6&#8243; custom_margin=&#8221;50px||||false|false&#8221;][et_pb_row _builder_version=&#8221;4.0.11&#8243; custom_margin=&#8221;50px||||false|false&#8221; global_module=&#8221;5139&#8243;][et_pb_column type=&#8221;4_4&#8243; _builder_version=&#8221;4.0.3&#8243;][et_pb_text _builder_version=&#8221;4.0.6&#8243; header_font=&#8221;Lato|900|||||||&#8221; header_text_color=&#8221;#e09900&#8243; header_font_size=&#8221;42px&#8221;]<h2>Nowo\u015bci na Blogu Bandi<\/h2>[\/et_pb_text][et_pb_blog fullwidth=&#8221;off&#8221; posts_number=&#8221;3&#8243; include_categories=&#8221;1,1969,5,1972,1817,1771,1973,2018,1741&#8243; meta_date=&#8221;Y-m-d&#8221; use_manual_excerpt=&#8221;off&#8221; excerpt_length=&#8221;0&#8243; show_author=&#8221;off&#8221; show_categories=&#8221;off&#8221; show_excerpt=&#8221;off&#8221; use_overlay=&#8221;on&#8221; overlay_icon_color=&#8221;rgba(255,166,168,0.75)&#8221; hover_overlay_color=&#8221;rgba(51,51,51,0.5)&#8221; hover_icon=&#8221;%%32%%&#8221; module_class=&#8221;homepage box&#8221; _builder_version=&#8221;4.4.1&#8243; header_font=&#8221;Bree Serif||||||||&#8221; header_text_color=&#8221;#333333&#8243; header_font_size=&#8221;22px&#8221; header_line_height=&#8221;26px&#8221; body_font=&#8221;||||||||&#8221; body_text_align=&#8221;center&#8221; body_text_color=&#8221;#666666&#8243; body_font_size=&#8221;15px&#8221; body_line_height=&#8221;26px&#8221; meta_font=&#8221;||||||||&#8221; meta_text_color=&#8221;#666666&#8243; meta_font_size=&#8221;15px&#8221; read_more_font=&#8221;Raleway|700|||||||&#8221; read_more_text_color=&#8221;#ffffff&#8221; read_more_font_size=&#8221;12px&#8221; pagination_font=&#8221;||||||||&#8221; pagination_text_color=&#8221;rgba(255,166,168,0.75)&#8221; text_orientation=&#8221;center&#8221; height=&#8221;400px&#8221; height_tablet=&#8221;&#8221; height_phone=&#8221;&#8221; height_last_edited=&#8221;on|phone&#8221; custom_padding_phone=&#8221;||30px||false|false&#8221; custom_padding_last_edited=&#8221;off|desktop&#8221;][\/et_pb_blog][\/et_pb_column][\/et_pb_row][\/et_pb_section]\n","protected":false},"excerpt":{"rendered":"<p>Angelika Sapi\u0144skaUko\u0144czy\u0142am kierunek Kosmetologia w Wy\u017cszej Szkole In\u017cynierii i Zdrowia w Warszawie. Obecnie jestem jeszcze na studiach magisterskich na kierunku Marketing i Zarz\u0105dzanie. Odk\u0105d pami\u0119tam chcia\u0142am by\u0107 kosmetologiem, \u017ceby pomaga\u0107 ludziom zyskiwa\u0107 wi\u0119ksz\u0105 pewno\u015b\u0107 siebie poprzez pi\u0119kny wygl\u0105d sk\u00f3ry. Prywatnie uwielbiam podr\u00f3\u017cowa\u0107, odkrywa\u0107 nowe miejsca i poznawa\u0107 ludzi.Autorzy BandiInstaBandiNowo\u015bci na Blogu Bandi<\/p>\n","protected":false},"author":13,"featured_media":11013,"parent":5547,"menu_order":0,"comment_status":"closed","ping_status":"closed","template":"","meta":{"_et_pb_use_builder":"on","_et_pb_old_content":"","_et_gb_content_width":"","footnotes":""},"class_list":["post-11010","page","type-page","status-publish","has-post-thumbnail","hentry"],"yoast_head":"<!-- This site is optimized with the Yoast SEO plugin v27.1.1 - https:\/\/yoast.com\/product\/yoast-seo-wordpress\/ -->\n<title>Angelika Sapi\u0144ska &#187; Blog BANDI<\/title>\n<meta name=\"robots\" content=\"index, follow, max-snippet:-1, max-image-preview:large, max-video-preview:-1\" \/>\n<link rel=\"canonical\" href=\"https:\/\/www.bandi.pl\/blog\/autorzy\/angelika-sapinska\/\" \/>\n<meta property=\"og:locale\" content=\"pl_PL\" \/>\n<meta property=\"og:type\" content=\"article\" \/>\n<meta property=\"og:title\" content=\"Angelika Sapi\u0144ska &#187; Blog BANDI\" \/>\n<meta property=\"og:description\" content=\"Angelika Sapi\u0144skaUko\u0144czy\u0142am kierunek Kosmetologia w Wy\u017cszej Szkole In\u017cynierii i Zdrowia w Warszawie. Obecnie jestem jeszcze na studiach magisterskich na kierunku Marketing i Zarz\u0105dzanie. Odk\u0105d pami\u0119tam chcia\u0142am by\u0107 kosmetologiem, \u017ceby pomaga\u0107 ludziom zyskiwa\u0107 wi\u0119ksz\u0105 pewno\u015b\u0107 siebie poprzez pi\u0119kny wygl\u0105d sk\u00f3ry. Prywatnie uwielbiam podr\u00f3\u017cowa\u0107, odkrywa\u0107 nowe miejsca i poznawa\u0107 ludzi.Autorzy BandiInstaBandiNowo\u015bci na Blogu Bandi\" \/>\n<meta property=\"og:url\" content=\"https:\/\/www.bandi.pl\/blog\/autorzy\/angelika-sapinska\/\" \/>\n<meta property=\"og:site_name\" content=\"Blog BANDI\" \/>\n<meta property=\"article:publisher\" content=\"https:\/\/web.facebook.com\/BANDIcosmetics\" \/>\n<meta property=\"article:modified_time\" content=\"2022-11-30T13:50:44+00:00\" \/>\n<meta property=\"og:image\" content=\"https:\/\/www.bandi.pl\/blog\/wp-content\/uploads\/2020\/11\/zdj-1.jpg\" \/>\n\t<meta property=\"og:image:width\" content=\"1508\" \/>\n\t<meta property=\"og:image:height\" content=\"1522\" \/>\n\t<meta property=\"og:image:type\" content=\"image\/jpeg\" \/>\n<meta name=\"twitter:card\" content=\"summary_large_image\" \/>\n<meta name=\"twitter:site\" content=\"@bandi_cosmetics\" \/>\n<meta name=\"twitter:label1\" content=\"Szacowany czas czytania\" \/>\n\t<meta name=\"twitter:data1\" content=\"2 minuty\" \/>\n<script type=\"application\/ld+json\" class=\"yoast-schema-graph\">{\"@context\":\"https:\/\/schema.org\",\"@graph\":[{\"@type\":\"WebPage\",\"@id\":\"https:\/\/www.bandi.pl\/blog\/autorzy\/angelika-sapinska\/\",\"url\":\"https:\/\/www.bandi.pl\/blog\/autorzy\/angelika-sapinska\/\",\"name\":\"Angelika Sapi\u0144ska &#187; Blog BANDI\",\"isPartOf\":{\"@id\":\"https:\/\/www.bandi.pl\/blog\/#website\"},\"primaryImageOfPage\":{\"@id\":\"https:\/\/www.bandi.pl\/blog\/autorzy\/angelika-sapinska\/#primaryimage\"},\"image\":{\"@id\":\"https:\/\/www.bandi.pl\/blog\/autorzy\/angelika-sapinska\/#primaryimage\"},\"thumbnailUrl\":\"https:\/\/www.bandi.pl\/blog\/wp-content\/uploads\/2020\/11\/zdj-1.jpg\",\"datePublished\":\"2020-11-27T08:43:06+00:00\",\"dateModified\":\"2022-11-30T13:50:44+00:00\",\"breadcrumb\":{\"@id\":\"https:\/\/www.bandi.pl\/blog\/autorzy\/angelika-sapinska\/#breadcrumb\"},\"inLanguage\":\"pl-PL\",\"potentialAction\":[{\"@type\":\"ReadAction\",\"target\":[\"https:\/\/www.bandi.pl\/blog\/autorzy\/angelika-sapinska\/\"]}]},{\"@type\":\"ImageObject\",\"inLanguage\":\"pl-PL\",\"@id\":\"https:\/\/www.bandi.pl\/blog\/autorzy\/angelika-sapinska\/#primaryimage\",\"url\":\"https:\/\/www.bandi.pl\/blog\/wp-content\/uploads\/2020\/11\/zdj-1.jpg\",\"contentUrl\":\"https:\/\/www.bandi.pl\/blog\/wp-content\/uploads\/2020\/11\/zdj-1.jpg\",\"width\":1508,\"height\":1522,\"caption\":\"fbt\"},{\"@type\":\"BreadcrumbList\",\"@id\":\"https:\/\/www.bandi.pl\/blog\/autorzy\/angelika-sapinska\/#breadcrumb\",\"itemListElement\":[{\"@type\":\"ListItem\",\"position\":1,\"name\":\"BANDI\",\"item\":\"https:\/\/www.bandi.pl\/blog\/\"},{\"@type\":\"ListItem\",\"position\":2,\"name\":\"Autorzy\",\"item\":\"https:\/\/www.bandi.pl\/blog\/autorzy\/\"},{\"@type\":\"ListItem\",\"position\":3,\"name\":\"Angelika Sapi\u0144ska\"}]},{\"@type\":\"WebSite\",\"@id\":\"https:\/\/www.bandi.pl\/blog\/#website\",\"url\":\"https:\/\/www.bandi.pl\/blog\/\",\"name\":\"Blog BANDI\",\"description\":\"Czarno na bia\u0142ym o kosmetykach\",\"publisher\":{\"@id\":\"https:\/\/www.bandi.pl\/blog\/#organization\"},\"potentialAction\":[{\"@type\":\"SearchAction\",\"target\":{\"@type\":\"EntryPoint\",\"urlTemplate\":\"https:\/\/www.bandi.pl\/blog\/?s={search_term_string}\"},\"query-input\":{\"@type\":\"PropertyValueSpecification\",\"valueRequired\":true,\"valueName\":\"search_term_string\"}}],\"inLanguage\":\"pl-PL\"},{\"@type\":\"Organization\",\"@id\":\"https:\/\/www.bandi.pl\/blog\/#organization\",\"name\":\"BANDI\",\"url\":\"https:\/\/www.bandi.pl\/blog\/\",\"logo\":{\"@type\":\"ImageObject\",\"inLanguage\":\"pl-PL\",\"@id\":\"https:\/\/www.bandi.pl\/blog\/#\/schema\/logo\/image\/\",\"url\":\"https:\/\/www.bandi.pl\/blog\/wp-content\/uploads\/2019\/06\/bandi-logo.png\",\"contentUrl\":\"https:\/\/www.bandi.pl\/blog\/wp-content\/uploads\/2019\/06\/bandi-logo.png\",\"width\":264,\"height\":111,\"caption\":\"BANDI\"},\"image\":{\"@id\":\"https:\/\/www.bandi.pl\/blog\/#\/schema\/logo\/image\/\"},\"sameAs\":[\"https:\/\/web.facebook.com\/BANDIcosmetics\",\"https:\/\/x.com\/bandi_cosmetics\",\"https:\/\/www.instagram.com\/bandi_cosmetics\/\",\"https:\/\/www.pinterest.com\/bandicosmetics\/\",\"https:\/\/www.youtube.com\/user\/BandiCosmeticsPolska\"]}]}<\/script>\n<!-- \/ Yoast SEO plugin. -->","yoast_head_json":{"title":"Angelika Sapi\u0144ska &#187; Blog BANDI","robots":{"index":"index","follow":"follow","max-snippet":"max-snippet:-1","max-image-preview":"max-image-preview:large","max-video-preview":"max-video-preview:-1"},"canonical":"https:\/\/www.bandi.pl\/blog\/autorzy\/angelika-sapinska\/","og_locale":"pl_PL","og_type":"article","og_title":"Angelika Sapi\u0144ska &#187; Blog BANDI","og_description":"Angelika Sapi\u0144skaUko\u0144czy\u0142am kierunek Kosmetologia w Wy\u017cszej Szkole In\u017cynierii i Zdrowia w Warszawie. Obecnie jestem jeszcze na studiach magisterskich na kierunku Marketing i Zarz\u0105dzanie. Odk\u0105d pami\u0119tam chcia\u0142am by\u0107 kosmetologiem, \u017ceby pomaga\u0107 ludziom zyskiwa\u0107 wi\u0119ksz\u0105 pewno\u015b\u0107 siebie poprzez pi\u0119kny wygl\u0105d sk\u00f3ry. Prywatnie uwielbiam podr\u00f3\u017cowa\u0107, odkrywa\u0107 nowe miejsca i poznawa\u0107 ludzi.Autorzy BandiInstaBandiNowo\u015bci na Blogu Bandi","og_url":"https:\/\/www.bandi.pl\/blog\/autorzy\/angelika-sapinska\/","og_site_name":"Blog BANDI","article_publisher":"https:\/\/web.facebook.com\/BANDIcosmetics","article_modified_time":"2022-11-30T13:50:44+00:00","og_image":[{"width":1508,"height":1522,"url":"https:\/\/www.bandi.pl\/blog\/wp-content\/uploads\/2020\/11\/zdj-1.jpg","type":"image\/jpeg"}],"twitter_card":"summary_large_image","twitter_site":"@bandi_cosmetics","twitter_misc":{"Szacowany czas czytania":"2 minuty"},"schema":{"@context":"https:\/\/schema.org","@graph":[{"@type":"WebPage","@id":"https:\/\/www.bandi.pl\/blog\/autorzy\/angelika-sapinska\/","url":"https:\/\/www.bandi.pl\/blog\/autorzy\/angelika-sapinska\/","name":"Angelika Sapi\u0144ska &#187; Blog BANDI","isPartOf":{"@id":"https:\/\/www.bandi.pl\/blog\/#website"},"primaryImageOfPage":{"@id":"https:\/\/www.bandi.pl\/blog\/autorzy\/angelika-sapinska\/#primaryimage"},"image":{"@id":"https:\/\/www.bandi.pl\/blog\/autorzy\/angelika-sapinska\/#primaryimage"},"thumbnailUrl":"https:\/\/www.bandi.pl\/blog\/wp-content\/uploads\/2020\/11\/zdj-1.jpg","datePublished":"2020-11-27T08:43:06+00:00","dateModified":"2022-11-30T13:50:44+00:00","breadcrumb":{"@id":"https:\/\/www.bandi.pl\/blog\/autorzy\/angelika-sapinska\/#breadcrumb"},"inLanguage":"pl-PL","potentialAction":[{"@type":"ReadAction","target":["https:\/\/www.bandi.pl\/blog\/autorzy\/angelika-sapinska\/"]}]},{"@type":"ImageObject","inLanguage":"pl-PL","@id":"https:\/\/www.bandi.pl\/blog\/autorzy\/angelika-sapinska\/#primaryimage","url":"https:\/\/www.bandi.pl\/blog\/wp-content\/uploads\/2020\/11\/zdj-1.jpg","contentUrl":"https:\/\/www.bandi.pl\/blog\/wp-content\/uploads\/2020\/11\/zdj-1.jpg","width":1508,"height":1522,"caption":"fbt"},{"@type":"BreadcrumbList","@id":"https:\/\/www.bandi.pl\/blog\/autorzy\/angelika-sapinska\/#breadcrumb","itemListElement":[{"@type":"ListItem","position":1,"name":"BANDI","item":"https:\/\/www.bandi.pl\/blog\/"},{"@type":"ListItem","position":2,"name":"Autorzy","item":"https:\/\/www.bandi.pl\/blog\/autorzy\/"},{"@type":"ListItem","position":3,"name":"Angelika Sapi\u0144ska"}]},{"@type":"WebSite","@id":"https:\/\/www.bandi.pl\/blog\/#website","url":"https:\/\/www.bandi.pl\/blog\/","name":"Blog BANDI","description":"Czarno na bia\u0142ym o kosmetykach","publisher":{"@id":"https:\/\/www.bandi.pl\/blog\/#organization"},"potentialAction":[{"@type":"SearchAction","target":{"@type":"EntryPoint","urlTemplate":"https:\/\/www.bandi.pl\/blog\/?s={search_term_string}"},"query-input":{"@type":"PropertyValueSpecification","valueRequired":true,"valueName":"search_term_string"}}],"inLanguage":"pl-PL"},{"@type":"Organization","@id":"https:\/\/www.bandi.pl\/blog\/#organization","name":"BANDI","url":"https:\/\/www.bandi.pl\/blog\/","logo":{"@type":"ImageObject","inLanguage":"pl-PL","@id":"https:\/\/www.bandi.pl\/blog\/#\/schema\/logo\/image\/","url":"https:\/\/www.bandi.pl\/blog\/wp-content\/uploads\/2019\/06\/bandi-logo.png","contentUrl":"https:\/\/www.bandi.pl\/blog\/wp-content\/uploads\/2019\/06\/bandi-logo.png","width":264,"height":111,"caption":"BANDI"},"image":{"@id":"https:\/\/www.bandi.pl\/blog\/#\/schema\/logo\/image\/"},"sameAs":["https:\/\/web.facebook.com\/BANDIcosmetics","https:\/\/x.com\/bandi_cosmetics","https:\/\/www.instagram.com\/bandi_cosmetics\/","https:\/\/www.pinterest.com\/bandicosmetics\/","https:\/\/www.youtube.com\/user\/BandiCosmeticsPolska"]}]}},"_links":{"self":[{"href":"https:\/\/www.bandi.pl\/blog\/wp-json\/wp\/v2\/pages\/11010","targetHints":{"allow":["GET"]}}],"collection":[{"href":"https:\/\/www.bandi.pl\/blog\/wp-json\/wp\/v2\/pages"}],"about":[{"href":"https:\/\/www.bandi.pl\/blog\/wp-json\/wp\/v2\/types\/page"}],"author":[{"embeddable":true,"href":"https:\/\/www.bandi.pl\/blog\/wp-json\/wp\/v2\/users\/13"}],"replies":[{"embeddable":true,"href":"https:\/\/www.bandi.pl\/blog\/wp-json\/wp\/v2\/comments?post=11010"}],"version-history":[{"count":6,"href":"https:\/\/www.bandi.pl\/blog\/wp-json\/wp\/v2\/pages\/11010\/revisions"}],"predecessor-version":[{"id":15288,"href":"https:\/\/www.bandi.pl\/blog\/wp-json\/wp\/v2\/pages\/11010\/revisions\/15288"}],"up":[{"embeddable":true,"href":"https:\/\/www.bandi.pl\/blog\/wp-json\/wp\/v2\/pages\/5547"}],"wp:featuredmedia":[{"embeddable":true,"href":"https:\/\/www.bandi.pl\/blog\/wp-json\/wp\/v2\/media\/11013"}],"wp:attachment":[{"href":"https:\/\/www.bandi.pl\/blog\/wp-json\/wp\/v2\/media?parent=11010"}],"curies":[{"name":"wp","href":"https:\/\/api.w.org\/{rel}","templated":true}]}}